{"id":39254,"date":"2026-02-10T12:16:54","date_gmt":"2026-02-10T12:16:54","guid":{"rendered":"https:\/\/www.elomatic.com\/?page_id=39254"},"modified":"2026-02-11T13:03:53","modified_gmt":"2026-02-11T13:03:53","slug":"ennakoiva-kunnossapito","status":"publish","type":"page","link":"https:\/\/www.elomatic.com\/fi\/data-digital\/ennakoiva-kunnossapito\/","title":{"rendered":"1.3.2 Ennakoiva kunnossapito"},"content":{"rendered":"","protected":true},"excerpt":{"rendered":"","protected":true},"author":2,"featured_media":39404,"parent":39039,"menu_order":0,"comment_status":"closed","ping_status":"closed","template":"","meta":{"_acf_changed":false,"footnotes":""},"business-unit":[],"insight-theme":[],"industryx":[],"class_list":["post-39254","page","type-page","status-publish","post-password-required","hentry"],"acf":[],"yoast_head":"<!-- This site is optimized with the Yoast SEO Premium plugin v27.1 (Yoast SEO v27.1.1) - https:\/\/yoast.com\/product\/yoast-seo-premium-wordpress\/ -->\n<title>1.3.2 Ennakoiva kunnossapito - Elomatic<\/title>\n<meta name=\"description\" content=\"Meill\u00e4 on yli 50 vuoden kokemus kone- ja laitossuunnittelusta, ja ymm\u00e4rr\u00e4mme kunnossapidon tarpeet syv\u00e4llisesti. Tarjoamme sek\u00e4 asiantuntijapalvelua ett\u00e4 ohjelmiston ennakoivan kunnossapidon johtamiseen.\" \/>\n<meta name=\"robots\" content=\"noindex, follow\" \/>\n<meta property=\"og:locale\" content=\"fi_FI\" \/>\n<meta property=\"og:type\" content=\"article\" \/>\n<meta property=\"og:title\" content=\"1.3.2 Ennakoiva kunnossapito\" \/>\n<meta property=\"og:description\" content=\"Meill\u00e4 on yli 50 vuoden kokemus kone- ja laitossuunnittelusta, ja ymm\u00e4rr\u00e4mme kunnossapidon tarpeet syv\u00e4llisesti. Tarjoamme sek\u00e4 asiantuntijapalvelua ett\u00e4 ohjelmiston ennakoivan kunnossapidon johtamiseen.\" \/>\n<meta property=\"og:url\" content=\"https:\/\/www.elomatic.com\/fi\/data-digital\/ennakoiva-kunnossapito\/\" \/>\n<meta property=\"og:site_name\" content=\"Elomatic\" \/>\n<meta property=\"article:publisher\" content=\"https:\/\/www.facebook.com\/elomaticoy\" \/>\n<meta property=\"article:modified_time\" content=\"2026-02-11T13:03:53+00:00\" \/>\n<meta name=\"twitter:card\" content=\"summary_large_image\" \/>\n<meta name=\"twitter:site\" content=\"@ElomaticOy\" \/>\n<meta name=\"twitter:label1\" content=\"Arvioitu lukuaika\" \/>\n\t<meta name=\"twitter:data1\" content=\"1 minuutti\" \/>\n<script type=\"application\/ld+json\" class=\"yoast-schema-graph\">{\"@context\":\"https:\/\/schema.org\",\"@graph\":[{\"@type\":\"WebPage\",\"@id\":\"https:\/\/www.elomatic.com\/fi\/data-digital\/ennakoiva-kunnossapito\/\",\"url\":\"https:\/\/www.elomatic.com\/fi\/data-digital\/ennakoiva-kunnossapito\/\",\"name\":\"1.3.2 Ennakoiva kunnossapito - Elomatic\",\"isPartOf\":{\"@id\":\"https:\/\/www.elomatic.com\/fi\/#website\"},\"datePublished\":\"2026-02-10T12:16:54+00:00\",\"dateModified\":\"2026-02-11T13:03:53+00:00\",\"breadcrumb\":{\"@id\":\"https:\/\/www.elomatic.com\/fi\/data-digital\/ennakoiva-kunnossapito\/#breadcrumb\"},\"inLanguage\":\"fi\"},{\"@type\":\"WebSite\",\"@id\":\"https:\/\/www.elomatic.com\/fi\/#website\",\"url\":\"https:\/\/www.elomatic.com\/fi\/\",\"name\":\"Elomatic\",\"description\":\"Visions of Tomorrow, Engineered Today\",\"publisher\":{\"@id\":\"https:\/\/www.elomatic.com\/fi\/#organization\"},\"potentialAction\":[{\"@type\":\"SearchAction\",\"target\":{\"@type\":\"EntryPoint\",\"urlTemplate\":\"https:\/\/www.elomatic.com\/fi\/?s={search_term_string}\"},\"query-input\":{\"@type\":\"PropertyValueSpecification\",\"valueRequired\":true,\"valueName\":\"search_term_string\"}}],\"inLanguage\":\"fi\"},{\"@type\":\"Organization\",\"@id\":\"https:\/\/www.elomatic.com\/fi\/#organization\",\"name\":\"Elomatic\",\"url\":\"https:\/\/www.elomatic.com\/fi\/\",\"logo\":{\"@type\":\"ImageObject\",\"inLanguage\":\"fi\",\"@id\":\"https:\/\/www.elomatic.com\/fi\/#\/schema\/logo\/image\/\",\"url\":\"https:\/\/www.elomatic.com\/wp-content\/uploads\/2023\/05\/Elomatic_Logo_Slogan_RGB.png\",\"contentUrl\":\"https:\/\/www.elomatic.com\/wp-content\/uploads\/2023\/05\/Elomatic_Logo_Slogan_RGB.png\",\"width\":1848,\"height\":521,\"caption\":\"Elomatic\"},\"image\":{\"@id\":\"https:\/\/www.elomatic.com\/fi\/#\/schema\/logo\/image\/\"},\"sameAs\":[\"https:\/\/www.facebook.com\/elomaticoy\",\"https:\/\/x.com\/ElomaticOy\",\"https:\/\/www.linkedin.com\/company\/elomatic\",\"https:\/\/www.instagram.com\/elomaticoy\/\",\"https:\/\/www.youtube.com\/channel\/UCclTiQQtIi7d4oCK9M-fjOA\"]}]}<\/script>\n<!-- \/ Yoast SEO Premium plugin. -->","yoast_head_json":{"title":"1.3.2 Ennakoiva kunnossapito - Elomatic","description":"Meill\u00e4 on yli 50 vuoden kokemus kone- ja laitossuunnittelusta, ja ymm\u00e4rr\u00e4mme kunnossapidon tarpeet syv\u00e4llisesti. Tarjoamme sek\u00e4 asiantuntijapalvelua ett\u00e4 ohjelmiston ennakoivan kunnossapidon johtamiseen.","robots":{"index":"noindex","follow":"follow"},"og_locale":"fi_FI","og_type":"article","og_title":"1.3.2 Ennakoiva kunnossapito","og_description":"Meill\u00e4 on yli 50 vuoden kokemus kone- ja laitossuunnittelusta, ja ymm\u00e4rr\u00e4mme kunnossapidon tarpeet syv\u00e4llisesti. Tarjoamme sek\u00e4 asiantuntijapalvelua ett\u00e4 ohjelmiston ennakoivan kunnossapidon johtamiseen.","og_url":"https:\/\/www.elomatic.com\/fi\/data-digital\/ennakoiva-kunnossapito\/","og_site_name":"Elomatic","article_publisher":"https:\/\/www.facebook.com\/elomaticoy","article_modified_time":"2026-02-11T13:03:53+00:00","twitter_card":"summary_large_image","twitter_site":"@ElomaticOy","twitter_misc":{"Arvioitu lukuaika":"1 minuutti"},"schema":{"@context":"https:\/\/schema.org","@graph":[{"@type":"WebPage","@id":"https:\/\/www.elomatic.com\/fi\/data-digital\/ennakoiva-kunnossapito\/","url":"https:\/\/www.elomatic.com\/fi\/data-digital\/ennakoiva-kunnossapito\/","name":"1.3.2 Ennakoiva kunnossapito - Elomatic","isPartOf":{"@id":"https:\/\/www.elomatic.com\/fi\/#website"},"datePublished":"2026-02-10T12:16:54+00:00","dateModified":"2026-02-11T13:03:53+00:00","breadcrumb":{"@id":"https:\/\/www.elomatic.com\/fi\/data-digital\/ennakoiva-kunnossapito\/#breadcrumb"},"inLanguage":"fi"},{"@type":"WebSite","@id":"https:\/\/www.elomatic.com\/fi\/#website","url":"https:\/\/www.elomatic.com\/fi\/","name":"Elomatic","description":"Visions of Tomorrow, Engineered Today","publisher":{"@id":"https:\/\/www.elomatic.com\/fi\/#organization"},"potentialAction":[{"@type":"SearchAction","target":{"@type":"EntryPoint","urlTemplate":"https:\/\/www.elomatic.com\/fi\/?s={search_term_string}"},"query-input":{"@type":"PropertyValueSpecification","valueRequired":true,"valueName":"search_term_string"}}],"inLanguage":"fi"},{"@type":"Organization","@id":"https:\/\/www.elomatic.com\/fi\/#organization","name":"Elomatic","url":"https:\/\/www.elomatic.com\/fi\/","logo":{"@type":"ImageObject","inLanguage":"fi","@id":"https:\/\/www.elomatic.com\/fi\/#\/schema\/logo\/image\/","url":"https:\/\/www.elomatic.com\/wp-content\/uploads\/2023\/05\/Elomatic_Logo_Slogan_RGB.png","contentUrl":"https:\/\/www.elomatic.com\/wp-content\/uploads\/2023\/05\/Elomatic_Logo_Slogan_RGB.png","width":1848,"height":521,"caption":"Elomatic"},"image":{"@id":"https:\/\/www.elomatic.com\/fi\/#\/schema\/logo\/image\/"},"sameAs":["https:\/\/www.facebook.com\/elomaticoy","https:\/\/x.com\/ElomaticOy","https:\/\/www.linkedin.com\/company\/elomatic","https:\/\/www.instagram.com\/elomaticoy\/","https:\/\/www.youtube.com\/channel\/UCclTiQQtIi7d4oCK9M-fjOA"]}]}},"_links":{"self":[{"href":"https:\/\/www.elomatic.com\/fi\/wp-json\/wp\/v2\/pages\/39254","targetHints":{"allow":["GET"]}}],"collection":[{"href":"https:\/\/www.elomatic.com\/fi\/wp-json\/wp\/v2\/pages"}],"about":[{"href":"https:\/\/www.elomatic.com\/fi\/wp-json\/wp\/v2\/types\/page"}],"author":[{"embeddable":true,"href":"https:\/\/www.elomatic.com\/fi\/wp-json\/wp\/v2\/users\/2"}],"replies":[{"embeddable":true,"href":"https:\/\/www.elomatic.com\/fi\/wp-json\/wp\/v2\/comments?post=39254"}],"version-history":[{"count":10,"href":"https:\/\/www.elomatic.com\/fi\/wp-json\/wp\/v2\/pages\/39254\/revisions"}],"predecessor-version":[{"id":39751,"href":"https:\/\/www.elomatic.com\/fi\/wp-json\/wp\/v2\/pages\/39254\/revisions\/39751"}],"up":[{"embeddable":true,"href":"https:\/\/www.elomatic.com\/fi\/wp-json\/wp\/v2\/pages\/39039"}],"wp:featuredmedia":[{"embeddable":true,"href":"https:\/\/www.elomatic.com\/fi\/wp-json\/wp\/v2\/media\/39404"}],"wp:attachment":[{"href":"https:\/\/www.elomatic.com\/fi\/wp-json\/wp\/v2\/media?parent=39254"}],"wp:term":[{"taxonomy":"business-unit","embeddable":true,"href":"https:\/\/www.elomatic.com\/fi\/wp-json\/wp\/v2\/business-unit?post=39254"},{"taxonomy":"insight-theme","embeddable":true,"href":"https:\/\/www.elomatic.com\/fi\/wp-json\/wp\/v2\/insight-theme?post=39254"},{"taxonomy":"industryx","embeddable":true,"href":"https:\/\/www.elomatic.com\/fi\/wp-json\/wp\/v2\/industryx?post=39254"}],"curies":[{"name":"wp","href":"https:\/\/api.w.org\/{rel}","templated":true}]}}