{"id":27326,"date":"2024-01-25T12:07:08","date_gmt":"2024-01-25T12:07:08","guid":{"rendered":"https:\/\/www.elomatic.com\/subscribe-to-our-newsletter\/"},"modified":"2024-02-08T12:39:53","modified_gmt":"2024-02-08T12:39:53","slug":"tilaa-uutiskirjeemme","status":"publish","type":"page","link":"https:\/\/www.elomatic.com\/fi\/tilaa-uutiskirjeemme\/","title":{"rendered":"Tilaa Uutiskirjeemme"},"content":{"rendered":"\r\n<div id=\"\" data-sectionname=\"\" data-sectionid=\"elomatic-section-block_92d6c303271df7a74f8b54a34b103766\"\r\n     class=\"elomatic-section wp-elements-75bfa6ae6f206bb824bb4ad46055fcee sectionTypo-normal noBackgroundImage has-valkoinen-color has-none-background-color has-original-blue-to-menthe-gradient-background sectionBG-position-center align-items-start sectionHeightMin100VH_defunc natural-height extraPadding  normalShapes   pageSection container-fluid Xd-sm-flex d-flex   positionRelative coverBackground \" style=\"background-image: url('');\" data-gradient=\"gradient\">\r\n\r\n\r\n    \r\n\r\n    <div data-backgroundcolor=\"none\" data-textcolor=\"valkoinen\" class=\"sectionBackgroundColorVeil has-none-background-color \"><\/div>\r\n\r\n\r\n    <div class=\"sectionGridWrapper\" data-fill=\"white\"\r\n         data-koodi=\"\" data-testikoodi=\"\">\r\n            <\/div>\r\n\r\n    <div class=\"sectionGridWrapperExtension\"><\/div>\r\n    <div class=\"container-sm sectionContent\">\r\n        <div class=\"row widthMedium\">\r\n            <div class=\"col-12 p-0\">\r\n                \n\n<div class=\"wp-block-columns is-layout-flex wp-container-core-columns-is-layout-9d6595d7 wp-block-columns-is-layout-flex\">\n<div class=\"wp-block-column is-layout-flow wp-block-column-is-layout-flow\">\n<h1 class=\"wp-block-heading has-text-align-center\" id=\"h-haluatko-seurata-matkaamme-kohti-kestavaa-huomista\">Haluatko seurata matkaamme kohti kest\u00e4v\u00e4\u00e4 huomista? <\/h1>\n<\/div>\n<\/div>\n\n\r\n            <\/div>\r\n        <\/div>\r\n    <\/div>\r\n\r\n    \r\n<\/div>\r\n\r\n\n\n\r\n<div id=\"\" data-sectionname=\"\" data-sectionid=\"elomatic-section-block_68e8f35fc8e1f1973fbf33aab7362619\"\r\n     class=\"elomatic-section sectionTypo-normal noBackgroundImage has-none-color has-none-background-color has-none-gradient-background sectionBG-position-center align-items-start sectionHeightMin100VH_defunc natural-height normalPadding  normalShapes   pageSection container-fluid Xd-sm-flex d-flex   positionRelative coverBackground \" style=\"background-image: url('');\" data-gradient=\"none\">\r\n\r\n\r\n    \r\n\r\n    <div data-backgroundcolor=\"none\" data-textcolor=\"none\" class=\"sectionBackgroundColorVeil has-none-background-color \"><\/div>\r\n\r\n\r\n    <div class=\"sectionGridWrapper\" data-fill=\"white\"\r\n         data-koodi=\"\" data-testikoodi=\"\">\r\n            <\/div>\r\n\r\n    <div class=\"sectionGridWrapperExtension\"><\/div>\r\n    <div class=\"container-sm sectionContent\">\r\n        <div class=\"row widthMedium\">\r\n            <div class=\"col-12 p-0\">\r\n                \n\n<div class=\"wp-block-columns is-layout-flex wp-container-core-columns-is-layout-9d6595d7 wp-block-columns-is-layout-flex\">\n<div class=\"wp-block-column is-layout-flow wp-block-column-is-layout-flow\">\n<p>Nelj\u00e4 kertaa vuodessa ilmestyv\u00e4 uutiskirjeemme sis\u00e4lt\u00e4\u00e4 Elomaticin viimeisimm\u00e4t kuulumiset ja asiantuntijoidemme n\u00e4kemyksi\u00e4 ajankohtaisista ilmi\u00f6ist\u00e4. Keskitymme erityisesti siihen, miten toimintamme on edist\u00e4nyt perimm\u00e4ist\u00e4 tarkoitustamme, eli lis\u00e4nnyt ihmisten ja ymp\u00e4rist\u00f6n hyvinvointia.<\/p>\n<ul>\n<li>Pysy kartalla teknologian ja kest\u00e4v\u00e4n kehityksen mahdollisuuksista<\/li>\n<li>Opi uusia tapoja vihre\u00e4n siirtym\u00e4n vauhdittamiseksi\u00a0<\/li>\n<li>Tutustu, miten toteutamme missiotamme yhteisty\u00f6ss\u00e4 asiakkaidemme kanssa<\/li>\n<\/ul>\n<p><strong>Liity mukaan matkallemme ja tilaa uutiskirjeemme!<\/strong> (Huomioithan, ett\u00e4 se on englanninkielinen.)<\/p>\n<\/div>\n\n\n\n<div class=\"wp-block-column is-layout-flow wp-block-column-is-layout-flow\">\n<h4 style=\"margin-top:0;padding-right:12px;padding-left:12px;\">Tilaa Uutiskirjeemme<\/h4>\n<iframe id=\"frameLomake\" src=\"https:\/\/resources.elomatic.com\/l\/854793\/2024-02-08\/bbf4d\" style=\"height: 100%; min-height: 450px; background-color: transparent; margin: 0px 0 0 0px; width: 100%; max-width: 700px; overflow: hidden;\" scrolling=\"no\"><\/iframe>\n<\/div>\n<\/div>\n\n\r\n            <\/div>\r\n        <\/div>\r\n    <\/div>\r\n\r\n    \r\n<\/div>\r\n\r\n\n\n\r\n<div id=\"\" data-sectionname=\"\" data-sectionid=\"elomatic-section-block_e5d447a59b39a01f9f69be7b1d46bff5\"\r\n     class=\"elomatic-section sectionTypo-normal noBackgroundImage has-none-color has-none-background-color has-none-gradient-background sectionBG-position-center align-items-start sectionHeightMin100VH_defunc natural-height noPadding  normalShapes   pageSection container-fluid Xd-sm-flex d-flex   positionRelative coverBackground \" style=\"background-image: url('');\" data-gradient=\"none\">\r\n\r\n\r\n    \r\n\r\n    <div data-backgroundcolor=\"none\" data-textcolor=\"none\" class=\"sectionBackgroundColorVeil has-none-background-color \"><\/div>\r\n\r\n\r\n    <div class=\"sectionGridWrapper\" data-fill=\"white\"\r\n         data-koodi=\"\" data-testikoodi=\"\">\r\n            <\/div>\r\n\r\n    <div class=\"sectionGridWrapperExtension\"><\/div>\r\n    <div class=\"container-sm sectionContent\">\r\n        <div class=\"row widthNarrow\">\r\n            <div class=\"col-12 p-0\">\r\n                \n\n<div class=\"wp-block-columns is-layout-flex wp-container-core-columns-is-layout-9d6595d7 wp-block-columns-is-layout-flex\">\n<div class=\"wp-block-column is-layout-flow wp-block-column-is-layout-flow\"><\/div>\n<\/div>\n\n\r\n            <\/div>\r\n        <\/div>\r\n    <\/div>\r\n\r\n    \r\n<\/div>\r\n\r\n","protected":false},"excerpt":{"rendered":"<p>Nelj\u00e4 kertaa vuodessa ilmestyv\u00e4 uutiskirje sis\u00e4lt\u00e4\u00e4 Elomaticin viimeisimm\u00e4t kuulumiset ja asiantuntijoidemme n\u00e4kemyksi\u00e4 ajankohtaisista ilmi\u00f6ist\u00e4. Kerromme, miten toimintamme on edist\u00e4nyt perimm\u00e4ist\u00e4 tarkoitustamme, eli lis\u00e4nnyt ihmisten ja ymp\u00e4rist\u00f6n hyvinvointia.<\/p>\n","protected":false},"author":2,"featured_media":27504,"parent":0,"menu_order":310,"comment_status":"closed","ping_status":"closed","template":"","meta":{"_acf_changed":false,"footnotes":""},"business-unit":[],"insight-theme":[],"industryx":[],"class_list":["post-27326","page","type-page","status-publish","has-post-thumbnail","hentry"],"acf":[],"yoast_head":"<!-- This site is optimized with the Yoast SEO Premium plugin v27.1 (Yoast SEO v27.1.1) - https:\/\/yoast.com\/product\/yoast-seo-premium-wordpress\/ -->\n<title>Tilaa Uutiskirjeemme - Elomatic<\/title>\n<meta name=\"description\" content=\"Nelj\u00e4 kertaa vuodessa ilmestyv\u00e4 uutiskirje sis\u00e4lt\u00e4\u00e4 Elomaticin viimeisimm\u00e4t kuulumiset ja asiantuntijoidemme n\u00e4kemyksi\u00e4 ajankohtaisista ilmi\u00f6ist\u00e4. Kerromme, miten toimintamme on edist\u00e4nyt perimm\u00e4ist\u00e4 tarkoitustamme, eli lis\u00e4nnyt ihmisten ja ymp\u00e4rist\u00f6n hyvinvointia.\" \/>\n<meta name=\"robots\" content=\"index, follow, max-snippet:-1, max-image-preview:large, max-video-preview:-1\" \/>\n<link rel=\"canonical\" href=\"https:\/\/www.elomatic.com\/fi\/tilaa-uutiskirjeemme\/\" \/>\n<meta property=\"og:locale\" content=\"fi_FI\" \/>\n<meta property=\"og:type\" content=\"article\" \/>\n<meta property=\"og:title\" content=\"Tilaa Uutiskirjeemme\" \/>\n<meta property=\"og:description\" content=\"Nelj\u00e4 kertaa vuodessa ilmestyv\u00e4 uutiskirje sis\u00e4lt\u00e4\u00e4 Elomaticin viimeisimm\u00e4t kuulumiset ja asiantuntijoidemme n\u00e4kemyksi\u00e4 ajankohtaisista ilmi\u00f6ist\u00e4. Kerromme, miten toimintamme on edist\u00e4nyt perimm\u00e4ist\u00e4 tarkoitustamme, eli lis\u00e4nnyt ihmisten ja ymp\u00e4rist\u00f6n hyvinvointia.\" \/>\n<meta property=\"og:url\" content=\"https:\/\/www.elomatic.com\/fi\/tilaa-uutiskirjeemme\/\" \/>\n<meta property=\"og:site_name\" content=\"Elomatic\" \/>\n<meta property=\"article:publisher\" content=\"https:\/\/www.facebook.com\/elomaticoy\" \/>\n<meta property=\"article:modified_time\" content=\"2024-02-08T12:39:53+00:00\" \/>\n<meta property=\"og:image\" content=\"https:\/\/www.elomatic.com\/wp-content\/uploads\/2024\/02\/elomatic-newsletter-some-hero-scaled.jpg\" \/>\n\t<meta property=\"og:image:width\" content=\"2560\" \/>\n\t<meta property=\"og:image:height\" content=\"1463\" \/>\n\t<meta property=\"og:image:type\" content=\"image\/jpeg\" \/>\n<meta name=\"twitter:card\" content=\"summary_large_image\" \/>\n<meta name=\"twitter:description\" content=\"Nelj\u00e4 kertaa vuodessa ilmestyv\u00e4 uutiskirje sis\u00e4lt\u00e4\u00e4 Elomaticin viimeisimm\u00e4t kuulumiset ja asiantuntijoidemme n\u00e4kemyksi\u00e4 ajankohtaisista ilmi\u00f6ist\u00e4. Kerromme, miten toimintamme on edist\u00e4nyt perimm\u00e4ist\u00e4 tarkoitustamme, eli lis\u00e4nnyt ihmisten ja ymp\u00e4rist\u00f6n hyvinvointia.\" \/>\n<meta name=\"twitter:site\" content=\"@ElomaticOy\" \/>\n<meta name=\"twitter:label1\" content=\"Arvioitu lukuaika\" \/>\n\t<meta name=\"twitter:data1\" content=\"1 minuutti\" \/>\n<script type=\"application\/ld+json\" class=\"yoast-schema-graph\">{\"@context\":\"https:\/\/schema.org\",\"@graph\":[{\"@type\":\"WebPage\",\"@id\":\"https:\/\/www.elomatic.com\/fi\/tilaa-uutiskirjeemme\/\",\"url\":\"https:\/\/www.elomatic.com\/fi\/tilaa-uutiskirjeemme\/\",\"name\":\"Tilaa Uutiskirjeemme - Elomatic\",\"isPartOf\":{\"@id\":\"https:\/\/www.elomatic.com\/fi\/#website\"},\"primaryImageOfPage\":{\"@id\":\"https:\/\/www.elomatic.com\/fi\/tilaa-uutiskirjeemme\/#primaryimage\"},\"image\":{\"@id\":\"https:\/\/www.elomatic.com\/fi\/tilaa-uutiskirjeemme\/#primaryimage\"},\"thumbnailUrl\":\"https:\/\/www.elomatic.com\/wp-content\/uploads\/2024\/02\/elomatic-newsletter-some-hero-scaled.jpg\",\"datePublished\":\"2024-01-25T12:07:08+00:00\",\"dateModified\":\"2024-02-08T12:39:53+00:00\",\"description\":\"Nelj\u00e4 kertaa vuodessa ilmestyv\u00e4 uutiskirje sis\u00e4lt\u00e4\u00e4 Elomaticin viimeisimm\u00e4t kuulumiset ja asiantuntijoidemme n\u00e4kemyksi\u00e4 ajankohtaisista ilmi\u00f6ist\u00e4. Kerromme, miten toimintamme on edist\u00e4nyt perimm\u00e4ist\u00e4 tarkoitustamme, eli lis\u00e4nnyt ihmisten ja ymp\u00e4rist\u00f6n hyvinvointia.\",\"breadcrumb\":{\"@id\":\"https:\/\/www.elomatic.com\/fi\/tilaa-uutiskirjeemme\/#breadcrumb\"},\"inLanguage\":\"fi\",\"potentialAction\":[{\"@type\":\"ReadAction\",\"target\":[\"https:\/\/www.elomatic.com\/fi\/tilaa-uutiskirjeemme\/\"]}]},{\"@type\":\"ImageObject\",\"inLanguage\":\"fi\",\"@id\":\"https:\/\/www.elomatic.com\/fi\/tilaa-uutiskirjeemme\/#primaryimage\",\"url\":\"https:\/\/www.elomatic.com\/wp-content\/uploads\/2024\/02\/elomatic-newsletter-some-hero-scaled.jpg\",\"contentUrl\":\"https:\/\/www.elomatic.com\/wp-content\/uploads\/2024\/02\/elomatic-newsletter-some-hero-scaled.jpg\",\"width\":2560,\"height\":1463,\"caption\":\"Elomatic Newsletter\"},{\"@type\":\"BreadcrumbList\",\"@id\":\"https:\/\/www.elomatic.com\/fi\/tilaa-uutiskirjeemme\/#breadcrumb\",\"itemListElement\":[{\"@type\":\"ListItem\",\"position\":1,\"name\":\"Etusivu\",\"item\":\"https:\/\/www.elomatic.com\/fi\/\"},{\"@type\":\"ListItem\",\"position\":2,\"name\":\"Tilaa Uutiskirjeemme\"}]},{\"@type\":\"WebSite\",\"@id\":\"https:\/\/www.elomatic.com\/fi\/#website\",\"url\":\"https:\/\/www.elomatic.com\/fi\/\",\"name\":\"Elomatic\",\"description\":\"Visions of Tomorrow, Engineered Today\",\"publisher\":{\"@id\":\"https:\/\/www.elomatic.com\/fi\/#organization\"},\"potentialAction\":[{\"@type\":\"SearchAction\",\"target\":{\"@type\":\"EntryPoint\",\"urlTemplate\":\"https:\/\/www.elomatic.com\/fi\/?s={search_term_string}\"},\"query-input\":{\"@type\":\"PropertyValueSpecification\",\"valueRequired\":true,\"valueName\":\"search_term_string\"}}],\"inLanguage\":\"fi\"},{\"@type\":\"Organization\",\"@id\":\"https:\/\/www.elomatic.com\/fi\/#organization\",\"name\":\"Elomatic\",\"url\":\"https:\/\/www.elomatic.com\/fi\/\",\"logo\":{\"@type\":\"ImageObject\",\"inLanguage\":\"fi\",\"@id\":\"https:\/\/www.elomatic.com\/fi\/#\/schema\/logo\/image\/\",\"url\":\"https:\/\/www.elomatic.com\/wp-content\/uploads\/2023\/05\/Elomatic_Logo_Slogan_RGB.png\",\"contentUrl\":\"https:\/\/www.elomatic.com\/wp-content\/uploads\/2023\/05\/Elomatic_Logo_Slogan_RGB.png\",\"width\":1848,\"height\":521,\"caption\":\"Elomatic\"},\"image\":{\"@id\":\"https:\/\/www.elomatic.com\/fi\/#\/schema\/logo\/image\/\"},\"sameAs\":[\"https:\/\/www.facebook.com\/elomaticoy\",\"https:\/\/x.com\/ElomaticOy\",\"https:\/\/www.linkedin.com\/company\/elomatic\",\"https:\/\/www.instagram.com\/elomaticoy\/\",\"https:\/\/www.youtube.com\/channel\/UCclTiQQtIi7d4oCK9M-fjOA\"]}]}<\/script>\n<!-- \/ Yoast SEO Premium plugin. -->","yoast_head_json":{"title":"Tilaa Uutiskirjeemme - Elomatic","description":"Nelj\u00e4 kertaa vuodessa ilmestyv\u00e4 uutiskirje sis\u00e4lt\u00e4\u00e4 Elomaticin viimeisimm\u00e4t kuulumiset ja asiantuntijoidemme n\u00e4kemyksi\u00e4 ajankohtaisista ilmi\u00f6ist\u00e4. Kerromme, miten toimintamme on edist\u00e4nyt perimm\u00e4ist\u00e4 tarkoitustamme, eli lis\u00e4nnyt ihmisten ja ymp\u00e4rist\u00f6n hyvinvointia.","robots":{"index":"index","follow":"follow","max-snippet":"max-snippet:-1","max-image-preview":"max-image-preview:large","max-video-preview":"max-video-preview:-1"},"canonical":"https:\/\/www.elomatic.com\/fi\/tilaa-uutiskirjeemme\/","og_locale":"fi_FI","og_type":"article","og_title":"Tilaa Uutiskirjeemme","og_description":"Nelj\u00e4 kertaa vuodessa ilmestyv\u00e4 uutiskirje sis\u00e4lt\u00e4\u00e4 Elomaticin viimeisimm\u00e4t kuulumiset ja asiantuntijoidemme n\u00e4kemyksi\u00e4 ajankohtaisista ilmi\u00f6ist\u00e4. Kerromme, miten toimintamme on edist\u00e4nyt perimm\u00e4ist\u00e4 tarkoitustamme, eli lis\u00e4nnyt ihmisten ja ymp\u00e4rist\u00f6n hyvinvointia.","og_url":"https:\/\/www.elomatic.com\/fi\/tilaa-uutiskirjeemme\/","og_site_name":"Elomatic","article_publisher":"https:\/\/www.facebook.com\/elomaticoy","article_modified_time":"2024-02-08T12:39:53+00:00","og_image":[{"width":2560,"height":1463,"url":"https:\/\/www.elomatic.com\/wp-content\/uploads\/2024\/02\/elomatic-newsletter-some-hero-scaled.jpg","type":"image\/jpeg"}],"twitter_card":"summary_large_image","twitter_description":"Nelj\u00e4 kertaa vuodessa ilmestyv\u00e4 uutiskirje sis\u00e4lt\u00e4\u00e4 Elomaticin viimeisimm\u00e4t kuulumiset ja asiantuntijoidemme n\u00e4kemyksi\u00e4 ajankohtaisista ilmi\u00f6ist\u00e4. Kerromme, miten toimintamme on edist\u00e4nyt perimm\u00e4ist\u00e4 tarkoitustamme, eli lis\u00e4nnyt ihmisten ja ymp\u00e4rist\u00f6n hyvinvointia.","twitter_site":"@ElomaticOy","twitter_misc":{"Arvioitu lukuaika":"1 minuutti"},"schema":{"@context":"https:\/\/schema.org","@graph":[{"@type":"WebPage","@id":"https:\/\/www.elomatic.com\/fi\/tilaa-uutiskirjeemme\/","url":"https:\/\/www.elomatic.com\/fi\/tilaa-uutiskirjeemme\/","name":"Tilaa Uutiskirjeemme - Elomatic","isPartOf":{"@id":"https:\/\/www.elomatic.com\/fi\/#website"},"primaryImageOfPage":{"@id":"https:\/\/www.elomatic.com\/fi\/tilaa-uutiskirjeemme\/#primaryimage"},"image":{"@id":"https:\/\/www.elomatic.com\/fi\/tilaa-uutiskirjeemme\/#primaryimage"},"thumbnailUrl":"https:\/\/www.elomatic.com\/wp-content\/uploads\/2024\/02\/elomatic-newsletter-some-hero-scaled.jpg","datePublished":"2024-01-25T12:07:08+00:00","dateModified":"2024-02-08T12:39:53+00:00","description":"Nelj\u00e4 kertaa vuodessa ilmestyv\u00e4 uutiskirje sis\u00e4lt\u00e4\u00e4 Elomaticin viimeisimm\u00e4t kuulumiset ja asiantuntijoidemme n\u00e4kemyksi\u00e4 ajankohtaisista ilmi\u00f6ist\u00e4. Kerromme, miten toimintamme on edist\u00e4nyt perimm\u00e4ist\u00e4 tarkoitustamme, eli lis\u00e4nnyt ihmisten ja ymp\u00e4rist\u00f6n hyvinvointia.","breadcrumb":{"@id":"https:\/\/www.elomatic.com\/fi\/tilaa-uutiskirjeemme\/#breadcrumb"},"inLanguage":"fi","potentialAction":[{"@type":"ReadAction","target":["https:\/\/www.elomatic.com\/fi\/tilaa-uutiskirjeemme\/"]}]},{"@type":"ImageObject","inLanguage":"fi","@id":"https:\/\/www.elomatic.com\/fi\/tilaa-uutiskirjeemme\/#primaryimage","url":"https:\/\/www.elomatic.com\/wp-content\/uploads\/2024\/02\/elomatic-newsletter-some-hero-scaled.jpg","contentUrl":"https:\/\/www.elomatic.com\/wp-content\/uploads\/2024\/02\/elomatic-newsletter-some-hero-scaled.jpg","width":2560,"height":1463,"caption":"Elomatic Newsletter"},{"@type":"BreadcrumbList","@id":"https:\/\/www.elomatic.com\/fi\/tilaa-uutiskirjeemme\/#breadcrumb","itemListElement":[{"@type":"ListItem","position":1,"name":"Etusivu","item":"https:\/\/www.elomatic.com\/fi\/"},{"@type":"ListItem","position":2,"name":"Tilaa Uutiskirjeemme"}]},{"@type":"WebSite","@id":"https:\/\/www.elomatic.com\/fi\/#website","url":"https:\/\/www.elomatic.com\/fi\/","name":"Elomatic","description":"Visions of Tomorrow, Engineered Today","publisher":{"@id":"https:\/\/www.elomatic.com\/fi\/#organization"},"potentialAction":[{"@type":"SearchAction","target":{"@type":"EntryPoint","urlTemplate":"https:\/\/www.elomatic.com\/fi\/?s={search_term_string}"},"query-input":{"@type":"PropertyValueSpecification","valueRequired":true,"valueName":"search_term_string"}}],"inLanguage":"fi"},{"@type":"Organization","@id":"https:\/\/www.elomatic.com\/fi\/#organization","name":"Elomatic","url":"https:\/\/www.elomatic.com\/fi\/","logo":{"@type":"ImageObject","inLanguage":"fi","@id":"https:\/\/www.elomatic.com\/fi\/#\/schema\/logo\/image\/","url":"https:\/\/www.elomatic.com\/wp-content\/uploads\/2023\/05\/Elomatic_Logo_Slogan_RGB.png","contentUrl":"https:\/\/www.elomatic.com\/wp-content\/uploads\/2023\/05\/Elomatic_Logo_Slogan_RGB.png","width":1848,"height":521,"caption":"Elomatic"},"image":{"@id":"https:\/\/www.elomatic.com\/fi\/#\/schema\/logo\/image\/"},"sameAs":["https:\/\/www.facebook.com\/elomaticoy","https:\/\/x.com\/ElomaticOy","https:\/\/www.linkedin.com\/company\/elomatic","https:\/\/www.instagram.com\/elomaticoy\/","https:\/\/www.youtube.com\/channel\/UCclTiQQtIi7d4oCK9M-fjOA"]}]}},"_links":{"self":[{"href":"https:\/\/www.elomatic.com\/fi\/wp-json\/wp\/v2\/pages\/27326","targetHints":{"allow":["GET"]}}],"collection":[{"href":"https:\/\/www.elomatic.com\/fi\/wp-json\/wp\/v2\/pages"}],"about":[{"href":"https:\/\/www.elomatic.com\/fi\/wp-json\/wp\/v2\/types\/page"}],"author":[{"embeddable":true,"href":"https:\/\/www.elomatic.com\/fi\/wp-json\/wp\/v2\/users\/2"}],"replies":[{"embeddable":true,"href":"https:\/\/www.elomatic.com\/fi\/wp-json\/wp\/v2\/comments?post=27326"}],"version-history":[{"count":11,"href":"https:\/\/www.elomatic.com\/fi\/wp-json\/wp\/v2\/pages\/27326\/revisions"}],"predecessor-version":[{"id":27661,"href":"https:\/\/www.elomatic.com\/fi\/wp-json\/wp\/v2\/pages\/27326\/revisions\/27661"}],"wp:featuredmedia":[{"embeddable":true,"href":"https:\/\/www.elomatic.com\/fi\/wp-json\/wp\/v2\/media\/27504"}],"wp:attachment":[{"href":"https:\/\/www.elomatic.com\/fi\/wp-json\/wp\/v2\/media?parent=27326"}],"wp:term":[{"taxonomy":"business-unit","embeddable":true,"href":"https:\/\/www.elomatic.com\/fi\/wp-json\/wp\/v2\/business-unit?post=27326"},{"taxonomy":"insight-theme","embeddable":true,"href":"https:\/\/www.elomatic.com\/fi\/wp-json\/wp\/v2\/insight-theme?post=27326"},{"taxonomy":"industryx","embeddable":true,"href":"https:\/\/www.elomatic.com\/fi\/wp-json\/wp\/v2\/industryx?post=27326"}],"curies":[{"name":"wp","href":"https:\/\/api.w.org\/{rel}","templated":true}]}}