{"id":20978,"date":"2023-04-26T11:09:13","date_gmt":"2023-04-26T11:09:13","guid":{"rendered":"https:\/\/www.elomatic.com\/contact-us\/"},"modified":"2026-02-20T11:39:35","modified_gmt":"2026-02-20T11:39:35","slug":"ota-yhteytta","status":"publish","type":"page","link":"https:\/\/www.elomatic.com\/fi\/tietoa-meista\/ota-yhteytta\/","title":{"rendered":"Ota yhteytt\u00e4"},"content":{"rendered":"\r\n<div id=\"\" data-sectionname=\"\" data-sectionid=\"elomatic-section-block_90e17604205cd79bfe655bb5e4e43995\"\r\n     class=\"elomatic-section sectionTypo-normal sectionHasBackgroundImage has-valkoinen-color has-calm-grey-background-color has-none-gradient-background sectionBG-position-center align-items-start sectionHeightMin100VH_defunc natural-height extraPadding  startShapesFromBottom   pageSection container-fluid Xd-sm-flex d-flex   positionRelative coverBackground \" style=\"background-image: url('https:\/\/www.elomatic.com\/wp-content\/uploads\/2023\/04\/contactUs.jpg');\" data-gradient=\"none\">\r\n\r\n\r\n    \r\n\r\n    <div data-backgroundcolor=\"calm-grey\" data-textcolor=\"valkoinen\" class=\"sectionBackgroundColorVeil has-calm-grey-background-color \"><\/div>\r\n\r\n\r\n    <div class=\"sectionGridWrapper\" data-fill=\"white\"\r\n         data-koodi=\"\" data-testikoodi=\"\">\r\n            <\/div>\r\n\r\n    <div class=\"sectionGridWrapperExtension\"><\/div>\r\n    <div class=\"container-fluid sectionContent\">\r\n        <div class=\"row \">\r\n            <div class=\"col-12 p-0\">\r\n                \n\n<div class=\"wp-block-columns is-layout-flex wp-container-core-columns-is-layout-9d6595d7 wp-block-columns-is-layout-flex\">\n<div class=\"wp-block-column is-layout-flow wp-block-column-is-layout-flow\">\n<h1 style=\"text-align: center;\">Ota yhteytt\u00e4<\/h1>\n<\/div>\n<\/div>\n\n\r\n            <\/div>\r\n        <\/div>\r\n    <\/div>\r\n\r\n    \r\n        \r\n        <div class=\"elomaticScrollDown   scroll-align-center  \"><i class=\"fa-solid fa-chevron-down\"><\/i><\/div>\r\n    \r\n<\/div>\r\n\r\n\n\n\r\n<div id=\"\" data-sectionname=\"\" data-sectionid=\"elomatic-section-block_f55298bfe952cb6f19910975f7c37d67\"\r\n     class=\"elomatic-section sectionTypo-normal noBackgroundImage has-none-color has-none-background-color has-none-gradient-background sectionBG-position-center align-items-start sectionHeightMin100VH_defunc natural-height lightPadding  normalShapes   pageSection container-fluid Xd-sm-flex d-flex   positionRelative coverBackground \" style=\"background-image: url('');\" data-gradient=\"none\">\r\n\r\n\r\n    \r\n\r\n    <div data-backgroundcolor=\"none\" data-textcolor=\"none\" class=\"sectionBackgroundColorVeil has-none-background-color \"><\/div>\r\n\r\n\r\n    <div class=\"sectionGridWrapper\" data-fill=\"white\"\r\n         data-koodi=\"\" data-testikoodi=\"\">\r\n            <\/div>\r\n\r\n    <div class=\"sectionGridWrapperExtension\"><\/div>\r\n    <div class=\"container-sm sectionContent\">\r\n        <div class=\"row widthNarrow\">\r\n            <div class=\"col-12 p-0\">\r\n                \n\n<div class=\"wp-block-columns is-layout-flex wp-container-core-columns-is-layout-9d6595d7 wp-block-columns-is-layout-flex\">\n<div class=\"wp-block-column is-layout-flow wp-block-column-is-layout-flow\">\n<div style=\"height:20px\" aria-hidden=\"true\" class=\"wp-block-spacer\"><\/div>\n\n\n\n<div class=\"wp-block-media-text alignwide is-stacked-on-mobile is-vertically-aligned-center\" style=\"grid-template-columns:15% auto\"><figure class=\"wp-block-media-text__media\"><img loading=\"lazy\" decoding=\"async\" width=\"400\" height=\"400\" src=\"https:\/\/www.elomatic.com\/wp-content\/uploads\/2023\/04\/LinkedIn-official-profilepicture-2023-1.png\" alt=\"\" class=\"wp-image-20986 size-full\" srcset=\"https:\/\/www.elomatic.com\/wp-content\/uploads\/2023\/04\/LinkedIn-official-profilepicture-2023-1.png 400w, https:\/\/www.elomatic.com\/wp-content\/uploads\/2023\/04\/LinkedIn-official-profilepicture-2023-1-300x300.png 300w, https:\/\/www.elomatic.com\/wp-content\/uploads\/2023\/04\/LinkedIn-official-profilepicture-2023-1-150x150.png 150w\"  sizes=\"(max-width: 400px) 100vw, 400px\" \/><\/figure><div class=\"wp-block-media-text__content\">\n<div style=\"height:20px\" aria-hidden=\"true\" class=\"wp-block-spacer\"><\/div>\n\n\n\n<h4>Turku<\/h4>\n<p style=\"line-height: 2em;\">It\u00e4inen Rantakatu 72<br \/>20810 Turku, Finland<br \/>Tel. +358 10 395 7000<br \/><span class=\"ui-provider gp b c d e f g h i j k l m n o p q r s t u v w x y z ab ac ae af ag ah ai aj ak\" dir=\"ltr\">info@elomatic.com<\/span><\/p>\n<\/div><\/div>\n\n\n\n<div style=\"height:40px\" aria-hidden=\"true\" class=\"wp-block-spacer\"><\/div>\n<\/div>\n<\/div>\n\n\r\n            <\/div>\r\n        <\/div>\r\n    <\/div>\r\n\r\n    \r\n<\/div>\r\n\r\n\n\n\r\n<div id=\"\" data-sectionname=\"\" data-sectionid=\"elomatic-section-block_a337fac474c1fe37e260b521a88c9469\"\r\n     class=\"elomatic-section wp-elements-11d93420d65aa95e052e82dc6589ad00 sectionTypo-normal noBackgroundImage has-navy-blue-color has-original-blue-20-background-color has-none-gradient-background sectionBG-position-center align-items-start sectionHeightMin100VH_defunc natural-height noPadding  startShapesFromBottom   pageSection container-fluid Xd-sm-flex d-flex   positionRelative coverBackground \" style=\"background-image: url('');\" data-gradient=\"none\">\r\n\r\n\r\n    \r\n\r\n    <div data-backgroundcolor=\"original-blue-20\" data-textcolor=\"navy-blue\" class=\"sectionBackgroundColorVeil has-original-blue-20-background-color \"><\/div>\r\n\r\n\r\n    <div class=\"sectionGridWrapper\" data-fill=\"white\"\r\n         data-koodi=\"\" data-testikoodi=\"\">\r\n            <\/div>\r\n\r\n    <div class=\"sectionGridWrapperExtension\"><\/div>\r\n    <div class=\"container-sm sectionContent\">\r\n        <div class=\"row widthNarrow\">\r\n            <div class=\"col-12 p-0\">\r\n                \n\n<div class=\"wp-block-columns is-layout-flex wp-container-core-columns-is-layout-9d6595d7 wp-block-columns-is-layout-flex\">\n<div class=\"wp-block-column is-layout-flow wp-block-column-is-layout-flow\">\n<div style=\"height:40px\" aria-hidden=\"true\" class=\"wp-block-spacer\"><\/div>\n\n\n\n<h4 class=\"elomatic-noTopMargin\"><span class=\"ui-provider a b c d e f g h i j k l m n o p q r s t u v w x y z ab ac ae af ag ah ai aj ak\" dir=\"ltr\">Ota yhteytt\u00e4 myyjiin<\/span><\/h4>\n<p><span class=\"ui-provider a b c d e f g h i j k l m n o p q r s t u v w x y z ab ac ae af ag ah ai aj ak\" dir=\"ltr\">Elomaticilla on konttoreita muun muassa Suomessa, Kanadassa, Saksassa, Puolassa ja Intiassa. Myyjien yhteystiedot l\u00f6yd\u00e4tte kunkin liiketoimintayksik\u00f6n p\u00e4\u00e4sivulta.<\/span><\/p>\n\n\n\n<div style=\"height:20px\" aria-hidden=\"true\" class=\"wp-block-spacer\"><\/div>\n\n\n\n<ul class=\"columnCount2\">\n<li><a href=\"https:\/\/www.elomatic.com\/fi\/meriteollisuus\/#ota-yhteytta\"><span class=\"ui-provider a b c d e f g h i j k l m n o p q r s t u v w x y z ab ac ae af ag ah ai aj ak\" dir=\"ltr\">Meriteollisuus<\/span><\/a><\/li>\n<li><a href=\"https:\/\/www.elomatic.com\/fi\/industry\/#ota-yhteytta\"><span class=\"ui-provider a b c d e f g h i j k l m n o p q r s t u v w x y z ab ac ae af ag ah ai aj ak\" dir=\"ltr\">Industry<\/span><\/a><\/li>\n<li><a href=\"https:\/\/www.elomatic.com\/fi\/pharma\/#ota-yhteytta\"><span class=\"ui-provider a b c d e f g h i j k l m n o p q r s t u v w x y z ab ac ae af ag ah ai aj ak\" dir=\"ltr\">Pharma<\/span><\/a><\/li>\n<li><a href=\"https:\/\/www.elomatic.com\/fi\/teknologiaratkaisut\/#ota-yhteytta\"><span class=\"ui-provider a b c d e f g h i j k l m n o p q r s t u v w x y z ab ac ae af ag ah ai aj ak\" dir=\"ltr\">Teknologiaratkaisut<\/span><\/a><\/li>\n<\/ul>\n\n\n\n<div style=\"height:40px\" aria-hidden=\"true\" class=\"wp-block-spacer\"><\/div>\n<\/div>\n<\/div>\n\n\r\n            <\/div>\r\n        <\/div>\r\n    <\/div>\r\n\r\n    \r\n<\/div>\r\n\r\n\n\n\r\n<div id=\"\" data-sectionname=\"\" data-sectionid=\"elomatic-section-block_e5f572366964bd58b75f4e6e3743819e\"\r\n     class=\"elomatic-section sectionTypo-normal noBackgroundImage has-none-color has-none-background-color has-none-gradient-background sectionBG-position-center align-items-start sectionHeightMin100VH_defunc natural-height noPadding  normalShapes   pageSection container-fluid Xd-sm-flex d-flex   positionRelative coverBackground \" style=\"background-image: url('');\" data-gradient=\"none\">\r\n\r\n\r\n    \r\n\r\n    <div data-backgroundcolor=\"none\" data-textcolor=\"none\" class=\"sectionBackgroundColorVeil has-none-background-color \"><\/div>\r\n\r\n\r\n    <div class=\"sectionGridWrapper\" data-fill=\"white\"\r\n         data-koodi=\"\" data-testikoodi=\"\">\r\n            <\/div>\r\n\r\n    <div class=\"sectionGridWrapperExtension\"><\/div>\r\n    <div class=\"container-sm sectionContent\">\r\n        <div class=\"row widthMedium\">\r\n            <div class=\"col-12 p-0\">\r\n                \n\n<div class=\"wp-block-columns is-layout-flex wp-container-core-columns-is-layout-9d6595d7 wp-block-columns-is-layout-flex\">\n<div class=\"wp-block-column is-layout-flow wp-block-column-is-layout-flow\">\n<div style=\"height:40px\" aria-hidden=\"true\" class=\"wp-block-spacer\"><\/div>\n\n\n\n<h4 class=\"wp-block-heading\" id=\"h-elomatic-yhtioiden-laskutusosoitteet\">Elomatic-yhti\u00f6iden laskutusosoitteet<\/h4>\n\n\n\n<figure class=\"wp-block-table is-style-regular\"><table><thead><tr><th>Yritys<\/th><th>OVT-tunnus<\/th><th>Operaattori<\/th><th>V\u00e4litt\u00e4j\u00e4n tunnus<\/th><th>Y-tunnus<\/th><th>VAT-nro<\/th><\/tr><\/thead><tbody><tr><td>Elomatic Consulting &amp; Engineering Oy<\/td><td>003719360671<\/td><td>Basware<\/td><td>BAWCFI22<\/td><td>1936067-1<\/td><td>FI19360671<\/td><\/tr><tr><td>Elomatic Oy<\/td><td>003705215342<\/td><td>Basware<\/td><td>BAWCFI22<\/td><td>0521534-2<\/td><td>FI05215342<\/td><\/tr><tr><td>Elomatic Solutions Oy<\/td><td>003733351819<\/td><td>Basware<\/td><td>BAWCFI22<\/td><td>3335181-9<\/td><td>FI33351819<\/td><\/tr><tr><td>Turun Valkoinen Talo Oy<\/td><td>003715572669<\/td><td>Basware<\/td><td>BAWCFI22<\/td><td>1557266-9<\/td><td>FI15572669<\/td><\/tr><tr><td>Kiinteist\u00f6 Oy<br>Jyv\u00e4skyl\u00e4n Kangasvuorentie 10<\/td><td>003705202226<\/td><td>Basware<\/td><td>BAWCFI22<\/td><td>0520222-6<\/td><td>FI05202226<\/td><\/tr><tr><td>Elomatic Consulting Inc. *<\/td><td>N\/A<\/td><td>N\/A<\/td><td>N\/A<\/td><td>795174408RT0001<\/td><td>N\/A<\/td><\/tr><tr><td>Elomatic Maritime Technologies GmbH **<\/td><td>N\/A<\/td><td>N\/A<\/td><td>N\/A<\/td><td>78293376<\/td><td>DE354642797<\/td><\/tr><tr><td>Elron Oy<\/td><td>003721206454<\/td><td>Basware<\/td><td>BAWCFI22<\/td><td>2120645-4<\/td><td>FI21206454<\/td><\/tr><\/tbody><\/table><\/figure>\n\n\n\n<p><a href=\"https:\/\/www.elomatic.com\/wp-content\/uploads\/2026\/02\/Elomatic-yhtioiden_laskutusosoitteet.pdf\" target=\"_blank\" rel=\"noreferrer noopener nofollow\">Lataa laskutustietomme (PDF)<\/a><\/p>\n\n\n\n<div style=\"height:10px\" aria-hidden=\"true\" class=\"wp-block-spacer\"><\/div>\n<\/div>\n<\/div>\n\n\n\n<div class=\"wp-block-columns is-layout-flex wp-container-core-columns-is-layout-9d6595d7 wp-block-columns-is-layout-flex\">\n<div class=\"wp-block-column is-layout-flow wp-block-column-is-layout-flow\">\n<p>Toivomme Teid\u00e4n l\u00e4hett\u00e4v\u00e4n laskut ensisijaisesti verkkolaskuna. Mik\u00e4li ette voi l\u00e4hett\u00e4\u00e4 verkkolaskuja, pdf-muotoiset laskut voi l\u00e4hett\u00e4\u00e4 osoitteeseen <a href=\"mailto:finance@elomatic.com\" target=\"_blank\" rel=\"noreferrer noopener nofollow\">finance@elomatic.com<\/a>.<\/p>\n\n\n\n<p>* Olkaa hyv\u00e4 ja l\u00e4hett\u00e4k\u00e4\u00e4 <em>Elomatic Consulting Inc.<\/em> laskut pdf-muotoisen osoitteeseen <a href=\"mailto:finance@elomatic.com\" target=\"_blank\" rel=\"noreferrer noopener nofollow\">finance@elomatic.com<\/a><\/p>\n\n\n\n<p>**Olkaa hyv\u00e4 ja l\u00e4hett\u00e4k\u00e4\u00e4 <em>Elomatic Maritime Technologies GmbH<\/em> laskut pdf-muotoisena osoitteeseen <a href=\"mailto:emt-invoices@elomatic.com\" target=\"_blank\" rel=\"noreferrer noopener nofollow\">emt-invoices@elomatic.com<\/a><\/p>\n\n\n\n<div style=\"height:40px\" aria-hidden=\"true\" class=\"wp-block-spacer\"><\/div>\n\n\n\n<p><strong>Postiosoite:<\/strong><br>It\u00e4inen Rantakatu 72<br>FIN &#8211; 20810 Turku<\/p>\n<\/div>\n<\/div>\n\n\n\n<div style=\"height:100px\" aria-hidden=\"true\" class=\"wp-block-spacer\"><\/div>\n\n\r\n            <\/div>\r\n        <\/div>\r\n    <\/div>\r\n\r\n    \r\n<\/div>\r\n\r\n","protected":false},"excerpt":{"rendered":"","protected":false},"author":2,"featured_media":19457,"parent":2549,"menu_order":90,"comment_status":"closed","ping_status":"closed","template":"","meta":{"_acf_changed":false,"footnotes":""},"business-unit":[],"insight-theme":[],"industryx":[],"class_list":["post-20978","page","type-page","status-publish","has-post-thumbnail","hentry"],"acf":[],"yoast_head":"<!-- This site is optimized with the Yoast SEO Premium plugin v27.1 (Yoast SEO v27.1.1) - https:\/\/yoast.com\/product\/yoast-seo-premium-wordpress\/ -->\n<title>Ota yhteytt\u00e4 - Elomatic<\/title>\n<meta name=\"description\" content=\"Ota yhteytt\u00e4.\" \/>\n<meta name=\"robots\" content=\"index, follow, max-snippet:-1, max-image-preview:large, max-video-preview:-1\" \/>\n<link rel=\"canonical\" href=\"https:\/\/www.elomatic.com\/fi\/tietoa-meista\/ota-yhteytta\/\" \/>\n<meta property=\"og:locale\" content=\"fi_FI\" \/>\n<meta property=\"og:type\" content=\"article\" \/>\n<meta property=\"og:title\" content=\"Ota yhteytt\u00e4\" \/>\n<meta property=\"og:description\" content=\"Ota yhteytt\u00e4.\" \/>\n<meta property=\"og:url\" content=\"https:\/\/www.elomatic.com\/fi\/tietoa-meista\/ota-yhteytta\/\" \/>\n<meta property=\"og:site_name\" content=\"Elomatic\" \/>\n<meta property=\"article:publisher\" content=\"https:\/\/www.facebook.com\/elomaticoy\" \/>\n<meta property=\"article:modified_time\" content=\"2026-02-20T11:39:35+00:00\" \/>\n<meta property=\"og:image\" content=\"https:\/\/www.elomatic.com\/wp-content\/uploads\/2023\/04\/MicrosoftTeams-image-14-scaled.jpg\" \/>\n\t<meta property=\"og:image:width\" content=\"2048\" \/>\n\t<meta property=\"og:image:height\" content=\"2560\" \/>\n\t<meta property=\"og:image:type\" content=\"image\/jpeg\" \/>\n<meta name=\"twitter:card\" content=\"summary_large_image\" \/>\n<meta name=\"twitter:site\" content=\"@ElomaticOy\" \/>\n<meta name=\"twitter:label1\" content=\"Arvioitu lukuaika\" \/>\n\t<meta name=\"twitter:data1\" content=\"2 minuuttia\" \/>\n<script type=\"application\/ld+json\" class=\"yoast-schema-graph\">{\"@context\":\"https:\/\/schema.org\",\"@graph\":[{\"@type\":\"WebPage\",\"@id\":\"https:\/\/www.elomatic.com\/fi\/tietoa-meista\/ota-yhteytta\/\",\"url\":\"https:\/\/www.elomatic.com\/fi\/tietoa-meista\/ota-yhteytta\/\",\"name\":\"Ota yhteytt\u00e4 - Elomatic\",\"isPartOf\":{\"@id\":\"https:\/\/www.elomatic.com\/fi\/#website\"},\"primaryImageOfPage\":{\"@id\":\"https:\/\/www.elomatic.com\/fi\/tietoa-meista\/ota-yhteytta\/#primaryimage\"},\"image\":{\"@id\":\"https:\/\/www.elomatic.com\/fi\/tietoa-meista\/ota-yhteytta\/#primaryimage\"},\"thumbnailUrl\":\"https:\/\/www.elomatic.com\/wp-content\/uploads\/2023\/04\/MicrosoftTeams-image-14-scaled.jpg\",\"datePublished\":\"2023-04-26T11:09:13+00:00\",\"dateModified\":\"2026-02-20T11:39:35+00:00\",\"description\":\"Ota yhteytt\u00e4.\",\"breadcrumb\":{\"@id\":\"https:\/\/www.elomatic.com\/fi\/tietoa-meista\/ota-yhteytta\/#breadcrumb\"},\"inLanguage\":\"fi\",\"potentialAction\":[{\"@type\":\"ReadAction\",\"target\":[\"https:\/\/www.elomatic.com\/fi\/tietoa-meista\/ota-yhteytta\/\"]}]},{\"@type\":\"ImageObject\",\"inLanguage\":\"fi\",\"@id\":\"https:\/\/www.elomatic.com\/fi\/tietoa-meista\/ota-yhteytta\/#primaryimage\",\"url\":\"https:\/\/www.elomatic.com\/wp-content\/uploads\/2023\/04\/MicrosoftTeams-image-14-scaled.jpg\",\"contentUrl\":\"https:\/\/www.elomatic.com\/wp-content\/uploads\/2023\/04\/MicrosoftTeams-image-14-scaled.jpg\",\"width\":2048,\"height\":2560},{\"@type\":\"BreadcrumbList\",\"@id\":\"https:\/\/www.elomatic.com\/fi\/tietoa-meista\/ota-yhteytta\/#breadcrumb\",\"itemListElement\":[{\"@type\":\"ListItem\",\"position\":1,\"name\":\"Etusivu\",\"item\":\"https:\/\/www.elomatic.com\/fi\/\"},{\"@type\":\"ListItem\",\"position\":2,\"name\":\"Tietoa meist\u00e4\",\"item\":\"https:\/\/www.elomatic.com\/fi\/tietoa-meista\/\"},{\"@type\":\"ListItem\",\"position\":3,\"name\":\"Ota yhteytt\u00e4\"}]},{\"@type\":\"WebSite\",\"@id\":\"https:\/\/www.elomatic.com\/fi\/#website\",\"url\":\"https:\/\/www.elomatic.com\/fi\/\",\"name\":\"Elomatic\",\"description\":\"Visions of Tomorrow, Engineered Today\",\"publisher\":{\"@id\":\"https:\/\/www.elomatic.com\/fi\/#organization\"},\"potentialAction\":[{\"@type\":\"SearchAction\",\"target\":{\"@type\":\"EntryPoint\",\"urlTemplate\":\"https:\/\/www.elomatic.com\/fi\/?s={search_term_string}\"},\"query-input\":{\"@type\":\"PropertyValueSpecification\",\"valueRequired\":true,\"valueName\":\"search_term_string\"}}],\"inLanguage\":\"fi\"},{\"@type\":\"Organization\",\"@id\":\"https:\/\/www.elomatic.com\/fi\/#organization\",\"name\":\"Elomatic\",\"url\":\"https:\/\/www.elomatic.com\/fi\/\",\"logo\":{\"@type\":\"ImageObject\",\"inLanguage\":\"fi\",\"@id\":\"https:\/\/www.elomatic.com\/fi\/#\/schema\/logo\/image\/\",\"url\":\"https:\/\/www.elomatic.com\/wp-content\/uploads\/2023\/05\/Elomatic_Logo_Slogan_RGB.png\",\"contentUrl\":\"https:\/\/www.elomatic.com\/wp-content\/uploads\/2023\/05\/Elomatic_Logo_Slogan_RGB.png\",\"width\":1848,\"height\":521,\"caption\":\"Elomatic\"},\"image\":{\"@id\":\"https:\/\/www.elomatic.com\/fi\/#\/schema\/logo\/image\/\"},\"sameAs\":[\"https:\/\/www.facebook.com\/elomaticoy\",\"https:\/\/x.com\/ElomaticOy\",\"https:\/\/www.linkedin.com\/company\/elomatic\",\"https:\/\/www.instagram.com\/elomaticoy\/\",\"https:\/\/www.youtube.com\/channel\/UCclTiQQtIi7d4oCK9M-fjOA\"]}]}<\/script>\n<!-- \/ Yoast SEO Premium plugin. -->","yoast_head_json":{"title":"Ota yhteytt\u00e4 - Elomatic","description":"Ota yhteytt\u00e4.","robots":{"index":"index","follow":"follow","max-snippet":"max-snippet:-1","max-image-preview":"max-image-preview:large","max-video-preview":"max-video-preview:-1"},"canonical":"https:\/\/www.elomatic.com\/fi\/tietoa-meista\/ota-yhteytta\/","og_locale":"fi_FI","og_type":"article","og_title":"Ota yhteytt\u00e4","og_description":"Ota yhteytt\u00e4.","og_url":"https:\/\/www.elomatic.com\/fi\/tietoa-meista\/ota-yhteytta\/","og_site_name":"Elomatic","article_publisher":"https:\/\/www.facebook.com\/elomaticoy","article_modified_time":"2026-02-20T11:39:35+00:00","og_image":[{"width":2048,"height":2560,"url":"https:\/\/www.elomatic.com\/wp-content\/uploads\/2023\/04\/MicrosoftTeams-image-14-scaled.jpg","type":"image\/jpeg"}],"twitter_card":"summary_large_image","twitter_site":"@ElomaticOy","twitter_misc":{"Arvioitu lukuaika":"2 minuuttia"},"schema":{"@context":"https:\/\/schema.org","@graph":[{"@type":"WebPage","@id":"https:\/\/www.elomatic.com\/fi\/tietoa-meista\/ota-yhteytta\/","url":"https:\/\/www.elomatic.com\/fi\/tietoa-meista\/ota-yhteytta\/","name":"Ota yhteytt\u00e4 - Elomatic","isPartOf":{"@id":"https:\/\/www.elomatic.com\/fi\/#website"},"primaryImageOfPage":{"@id":"https:\/\/www.elomatic.com\/fi\/tietoa-meista\/ota-yhteytta\/#primaryimage"},"image":{"@id":"https:\/\/www.elomatic.com\/fi\/tietoa-meista\/ota-yhteytta\/#primaryimage"},"thumbnailUrl":"https:\/\/www.elomatic.com\/wp-content\/uploads\/2023\/04\/MicrosoftTeams-image-14-scaled.jpg","datePublished":"2023-04-26T11:09:13+00:00","dateModified":"2026-02-20T11:39:35+00:00","description":"Ota yhteytt\u00e4.","breadcrumb":{"@id":"https:\/\/www.elomatic.com\/fi\/tietoa-meista\/ota-yhteytta\/#breadcrumb"},"inLanguage":"fi","potentialAction":[{"@type":"ReadAction","target":["https:\/\/www.elomatic.com\/fi\/tietoa-meista\/ota-yhteytta\/"]}]},{"@type":"ImageObject","inLanguage":"fi","@id":"https:\/\/www.elomatic.com\/fi\/tietoa-meista\/ota-yhteytta\/#primaryimage","url":"https:\/\/www.elomatic.com\/wp-content\/uploads\/2023\/04\/MicrosoftTeams-image-14-scaled.jpg","contentUrl":"https:\/\/www.elomatic.com\/wp-content\/uploads\/2023\/04\/MicrosoftTeams-image-14-scaled.jpg","width":2048,"height":2560},{"@type":"BreadcrumbList","@id":"https:\/\/www.elomatic.com\/fi\/tietoa-meista\/ota-yhteytta\/#breadcrumb","itemListElement":[{"@type":"ListItem","position":1,"name":"Etusivu","item":"https:\/\/www.elomatic.com\/fi\/"},{"@type":"ListItem","position":2,"name":"Tietoa meist\u00e4","item":"https:\/\/www.elomatic.com\/fi\/tietoa-meista\/"},{"@type":"ListItem","position":3,"name":"Ota yhteytt\u00e4"}]},{"@type":"WebSite","@id":"https:\/\/www.elomatic.com\/fi\/#website","url":"https:\/\/www.elomatic.com\/fi\/","name":"Elomatic","description":"Visions of Tomorrow, Engineered Today","publisher":{"@id":"https:\/\/www.elomatic.com\/fi\/#organization"},"potentialAction":[{"@type":"SearchAction","target":{"@type":"EntryPoint","urlTemplate":"https:\/\/www.elomatic.com\/fi\/?s={search_term_string}"},"query-input":{"@type":"PropertyValueSpecification","valueRequired":true,"valueName":"search_term_string"}}],"inLanguage":"fi"},{"@type":"Organization","@id":"https:\/\/www.elomatic.com\/fi\/#organization","name":"Elomatic","url":"https:\/\/www.elomatic.com\/fi\/","logo":{"@type":"ImageObject","inLanguage":"fi","@id":"https:\/\/www.elomatic.com\/fi\/#\/schema\/logo\/image\/","url":"https:\/\/www.elomatic.com\/wp-content\/uploads\/2023\/05\/Elomatic_Logo_Slogan_RGB.png","contentUrl":"https:\/\/www.elomatic.com\/wp-content\/uploads\/2023\/05\/Elomatic_Logo_Slogan_RGB.png","width":1848,"height":521,"caption":"Elomatic"},"image":{"@id":"https:\/\/www.elomatic.com\/fi\/#\/schema\/logo\/image\/"},"sameAs":["https:\/\/www.facebook.com\/elomaticoy","https:\/\/x.com\/ElomaticOy","https:\/\/www.linkedin.com\/company\/elomatic","https:\/\/www.instagram.com\/elomaticoy\/","https:\/\/www.youtube.com\/channel\/UCclTiQQtIi7d4oCK9M-fjOA"]}]}},"_links":{"self":[{"href":"https:\/\/www.elomatic.com\/fi\/wp-json\/wp\/v2\/pages\/20978","targetHints":{"allow":["GET"]}}],"collection":[{"href":"https:\/\/www.elomatic.com\/fi\/wp-json\/wp\/v2\/pages"}],"about":[{"href":"https:\/\/www.elomatic.com\/fi\/wp-json\/wp\/v2\/types\/page"}],"author":[{"embeddable":true,"href":"https:\/\/www.elomatic.com\/fi\/wp-json\/wp\/v2\/users\/2"}],"replies":[{"embeddable":true,"href":"https:\/\/www.elomatic.com\/fi\/wp-json\/wp\/v2\/comments?post=20978"}],"version-history":[{"count":48,"href":"https:\/\/www.elomatic.com\/fi\/wp-json\/wp\/v2\/pages\/20978\/revisions"}],"predecessor-version":[{"id":40035,"href":"https:\/\/www.elomatic.com\/fi\/wp-json\/wp\/v2\/pages\/20978\/revisions\/40035"}],"up":[{"embeddable":true,"href":"https:\/\/www.elomatic.com\/fi\/wp-json\/wp\/v2\/pages\/2549"}],"wp:featuredmedia":[{"embeddable":true,"href":"https:\/\/www.elomatic.com\/fi\/wp-json\/wp\/v2\/media\/19457"}],"wp:attachment":[{"href":"https:\/\/www.elomatic.com\/fi\/wp-json\/wp\/v2\/media?parent=20978"}],"wp:term":[{"taxonomy":"business-unit","embeddable":true,"href":"https:\/\/www.elomatic.com\/fi\/wp-json\/wp\/v2\/business-unit?post=20978"},{"taxonomy":"insight-theme","embeddable":true,"href":"https:\/\/www.elomatic.com\/fi\/wp-json\/wp\/v2\/insight-theme?post=20978"},{"taxonomy":"industryx","embeddable":true,"href":"https:\/\/www.elomatic.com\/fi\/wp-json\/wp\/v2\/industryx?post=20978"}],"curies":[{"name":"wp","href":"https:\/\/api.w.org\/{rel}","templated":true}]}}