{"id":17252,"date":"2023-04-17T10:48:11","date_gmt":"2023-04-17T10:48:11","guid":{"rendered":"https:\/\/www.elomatic.com\/reporting-channel\/"},"modified":"2025-09-05T10:19:37","modified_gmt":"2025-09-05T10:19:37","slug":"ilmoituskanava","status":"publish","type":"page","link":"https:\/\/www.elomatic.com\/fi\/ilmoituskanava\/","title":{"rendered":"Ilmoituskanava"},"content":{"rendered":"\r\n<div id=\"\" data-sectionname=\"\" data-sectionid=\"elomatic-section-block_26bd6f57beb5268f11ffa607bc343ed5\"\r\n     class=\"elomatic-section sectionTypo-normal sectionHasBackgroundImage has-valkoinen-color has-navy-blue-background-color has-none-gradient-background sectionBG-position- align-items-center sectionHeightMin100VH_defunc natural-height extraPadding  normalShapes   pageSection container-fluid Xd-sm-flex d-flex   positionRelative coverBackground \" style=\"background-image: url('https:\/\/www.elomatic.com\/wp-content\/uploads\/2023\/03\/GettyImages-1400381259.jpg');\" data-gradient=\"none\">\r\n\r\n\r\n    \r\n\r\n    <div data-backgroundcolor=\"navy-blue\" data-textcolor=\"valkoinen\" class=\"sectionBackgroundColorVeil has-navy-blue-background-color \"><\/div>\r\n\r\n\r\n    <div class=\"sectionGridWrapper\" data-fill=\"white\"\r\n         data-koodi=\"\" data-testikoodi=\"\">\r\n            <\/div>\r\n\r\n    <div class=\"sectionGridWrapperExtension\"><\/div>\r\n    <div class=\"container-sm sectionContent\">\r\n        <div class=\"row widthNarrow\">\r\n            <div class=\"col-12 p-0\">\r\n                \n\n<div class=\"wp-block-columns is-layout-flex wp-container-core-columns-is-layout-9d6595d7 wp-block-columns-is-layout-flex\">\n<div class=\"wp-block-column is-layout-flow wp-block-column-is-layout-flow\">\n<h1 style=\"text-align: center;\">Ilmoituskanava<\/h1>\n<\/div>\n<\/div>\n\n\r\n            <\/div>\r\n        <\/div>\r\n    <\/div>\r\n\r\n    \r\n<\/div>\r\n\r\n\n\n\r\n<div id=\"\" data-sectionname=\"\" data-sectionid=\"elomatic-section-block_370e3260370fe8ce3a89e75b3994cb3c\"\r\n     class=\"elomatic-section sectionTypo-normal noBackgroundImage has-none-color has-none-background-color has-none-gradient-background sectionBG-position- align-items-start sectionHeightMin100VH_defunc natural-height normalPadding  normalShapes   pageSection container-fluid Xd-sm-flex d-flex   positionRelative coverBackground \" style=\"background-image: url('');\" data-gradient=\"none\">\r\n\r\n\r\n    \r\n\r\n    <div data-backgroundcolor=\"none\" data-textcolor=\"none\" class=\"sectionBackgroundColorVeil has-none-background-color \"><\/div>\r\n\r\n\r\n    <div class=\"sectionGridWrapper\" data-fill=\"white\"\r\n         data-koodi=\"\" data-testikoodi=\"\">\r\n            <\/div>\r\n\r\n    <div class=\"sectionGridWrapperExtension\"><\/div>\r\n    <div class=\"container-sm sectionContent\">\r\n        <div class=\"row widthNarrow\">\r\n            <div class=\"col-12 p-0\">\r\n                \n\n<div class=\"wp-block-columns is-layout-flex wp-container-core-columns-is-layout-9d6595d7 wp-block-columns-is-layout-flex\">\n<div class=\"wp-block-column is-layout-flow wp-block-column-is-layout-flow\">\n<h2>ELOMATICIN ILMOITUSKANAVA SEK\u00c4 ILMOITTAMISOHJEET<\/h2>\n<h3>Johdanto<\/h3>\n<p>Elomatic vaalii toiminnassaan avoimuuden ilmapiiri\u00e4 ja korkeaa etiikkaa. Yritys on sitoutuneet yll\u00e4pit\u00e4m\u00e4\u00e4n keskustelevaa organisaatiokulttuuria, jossa jokainen voi kertoa yleisen edun vastaista toimintaa koskevista ep\u00e4ilyist\u00e4\u00e4n ilman uhriksi, syrjinn\u00e4n kohteeksi tai ep\u00e4edulliseen asemaan joutumisen riski\u00e4.<\/p>\n<p>Elomaticille on ensiarvoisen t\u00e4rke\u00e4\u00e4, ett\u00e4 jokainen ilmoittaa havaitsemastaan tai ep\u00e4ilem\u00e4st\u00e4\u00e4n yleisen edun vastaisesta toiminnasta viipym\u00e4tt\u00e4.<\/p>\n<p>N\u00e4iden ilmoittamisohjeiden tarkoituksena on rohkaista ilmoittamaan mahdollisesta yleisen edun vastaisesta toiminnasta sek\u00e4 varmistaa, ett\u00e4 ilmoitusten k\u00e4sittelyprosessi hoidetaan asianmukaisesti.<\/p>\n<h4><strong>Lains\u00e4\u00e4d\u00e4nt\u00f6perusta<\/strong><\/h4>\n<p>Euroopan unionin lains\u00e4\u00e4d\u00e4nn\u00f6n rikkomisesta ilmoittavien henkil\u00f6iden suojelusta annetun direktiivin\u00a0<strong><a href=\"https:\/\/eur-lex.europa.eu\/legal-content\/FI\/TXT\/?uri=uriserv:OJ.L_.2019.305.01.0017.01.FIN\" target=\"_blank\" rel=\"noopener\">(EU) 2019\/1937<\/a><\/strong>, ns. Whistleblower-direktiivin kansallista t\u00e4yt\u00e4nt\u00f6\u00f6npanoa valmistellaan oikeusministeri\u00f6ss\u00e4 sek\u00e4 ty\u00f6- ja elinkeinoministeri\u00f6ss\u00e4. Uuden lains\u00e4\u00e4d\u00e4nn\u00f6n tarkoituksena on varmistaa, ett\u00e4 henkil\u00f6, joka ty\u00f6ns\u00e4 yhteydess\u00e4 havaitsee tai ep\u00e4ilee yleisen edun vastaista toimintaa erikseen m\u00e4\u00e4ritellyill\u00e4 EU:n tai kansallisen oikeuden aloilla, voi ilmoittaa asiasta turvallisesti.<\/p>\n<p>Whistleblower-direktiivin ja kansallisen lains\u00e4\u00e4d\u00e4nn\u00f6n tavoitteena on muun ohessa<\/p>\n<ul>\n<li>luoda yhdenmukaiset v\u00e4himm\u00e4isvaatimukset ilmoittajien suojelulle julkiselle ja yksityiselle sektorille koko Euroopan unionin alueella, ja<\/li>\n<li>luoda tehokas suoja v\u00e4\u00e4rink\u00e4yt\u00f6sten ilmoittajille, jotka ty\u00f6ns\u00e4 yhteydess\u00e4 havaitsevat Euroopan unionin tai kansallisten s\u00e4\u00e4d\u00f6sten rikkomisia esimerkiksi julkisissa hankinnoissa, rahoituspalveluissa, elintarvikkeiden turvallisuudessa tai kuluttajansuojassa.<\/li>\n<\/ul>\n<p>\u00a0Direktiivin ja kansallisen lains\u00e4\u00e4d\u00e4nn\u00f6n soveltamisalaan kuuluvat my\u00f6s<\/p>\n<ul>\n<li>petokset, korruptio ja muu sellainen laiton toiminta, joka liittyy unionin menojen toteuttamiseen tai unionin tulojen ja varojen ker\u00e4\u00e4miseen,<\/li>\n<li>rikkomiset, jotka liittyv\u00e4t EU:n sis\u00e4markkinoihin, mm. unionin kilpailu- ja valtiontukis\u00e4\u00e4nt\u00f6jen rikkomiset,<\/li>\n<li>rikkomiset, jotka liittyv\u00e4t sis\u00e4markkinoihin silt\u00e4 osin kuin on kyse teoista, joilla rikotaan yhteis\u00f6veros\u00e4\u00e4nt\u00f6j\u00e4, tai j\u00e4rjestelyist\u00e4, joiden tarkoituksena on saada sovellettavan yhteis\u00f6verolains\u00e4\u00e4d\u00e4nn\u00f6n tavoitteen tai tarkoituksen vastaista veroetua, ja<\/li>\n<li>rikkomiset, joista seuraa yleiseen etuun kohdistuva uhka tai joista kohdistuu yleiseen etuun vakava haitta, jos siit\u00e4 seuraa huomattavia riskej\u00e4 yhteiskunnan hyvinvoinnille.<\/li>\n<\/ul>\n<p>\u00a0Direktiivi edellytt\u00e4\u00e4, ilmoitus v\u00e4\u00e4rink\u00e4yt\u00f6ksest\u00e4 tulee voida tehd\u00e4 turvallisesti ja siten, ett\u00e4 ilmoittajan henkil\u00f6llisyys on suojattu. Lis\u00e4ksi vastatoimet ilmoittajaa kohtaan ilmoituksen tekemisen johdosta on kielletty. Vastatoimien kiellon rikkomisesta tai ilmoittamisen est\u00e4misest\u00e4 voi seurata vahingonkorvausvastuu sek\u00e4 velvollisuus maksaa hyvityst\u00e4 ilmoittajalle.<\/p>\n<p>Hallituksen esitys laiksi Euroopan unionin ja kansallisen oikeuden rikkomisesta ilmoittavien henkil\u00f6iden suojelusta ja siihen liittyviksi laeiksi on tarkoitus antaa eduskunnalle helmikuussa 2022. Lis\u00e4tietoja esityksen etenemisest\u00e4 saa osoitteessa:\u00a0<u><a href=\"https:\/\/www.eduskunta.fi\/FI\/naineduskuntatoimii\/kirjasto\/aineistot\/kotimainen_oikeus\/LATI\/Sivut\/whistleblower-direktiivin-kansallinen-taytantoonpano.aspx\" target=\"_blank\" rel=\"noopener\">Whistleblower-direktiivin kansallinen t\u00e4yt\u00e4nt\u00f6\u00f6npano (eduskunta.fi)<\/a><\/u><\/p>\n<h4><strong>Milloin ilmoitus tehd\u00e4\u00e4n?<\/strong><\/h4>\n<p>Ilmoittamista varten Elomatic on hankkinut Keskuskauppakamarin tuottaman ilmoituskanavapalvelun.<\/p>\n<p>Ilmoituskanava antaa kaikille mahdollisuuden ilmoittaa Elomaticin\u00a0yleisen edun vastaiseen toimintaan liittyvist\u00e4 ep\u00e4ilyist\u00e4.<\/p>\n<p>Ilmoituskanavassa ilmoituksen voi tehd\u00e4 omalla nimell\u00e4 tai nimett\u00f6m\u00e4n\u00e4. Ilmoitusmenettely on salattu ja suojattu salasanalla. Kaikki ilmoitukset k\u00e4sitell\u00e4\u00e4n luottamuksellisesti.<\/p>\n<p>Jos havaitset tai ep\u00e4ilet yleisen edun vastaista toimintaa, ilmoita asiasta v\u00e4litt\u00f6m\u00e4sti ilmoituskanavassa.<\/p>\n<h4><strong>Miten ilmoitus tehd\u00e4\u00e4n?<\/strong><\/h4>\n<p>Ilmoitus tehd\u00e4\u00e4n ep\u00e4ilyn kohteena olevan yrityksen ilmoituskanavassa seuraavissa osoitteissa:<\/p>\n<ul>\n<li>Linkki Elomaticin wb-kanavalle: <a href=\"https:\/\/elomatic-wb.ilmoituskanava.fi\/\" target=\"_blank\" rel=\"noopener\">https:\/\/elomatic-wb.ilmoituskanava.fi\/<\/a><\/li>\n<\/ul>\n<p>Keskuskauppakamari puolueettomana palveluntarjoajana hoitaa ilmoituskanavaa ilmoittajien anonymiteetin varmistamiseksi. Elomatic tai Keskuskauppakamari ei pysty tunnistamaan ilmoituksen l\u00e4hdett\u00e4, ellei ilmoittaja halua kertoa yhteystietojaan. Ilmoituskanavaan ei tallenneta ilmoituksiin liittyv\u00e4\u00e4 metatietoa eik\u00e4 se pysty tunnistamaan ilmoittajan IP-osoitetta. Ilmoituskanavapalvelun avulla nimet\u00f6n ilmoittaja ja ilmoituksen k\u00e4sittelij\u00e4t voivat k\u00e4yd\u00e4 kirjeenvaihtoa anonymiteetti\u00e4 vaarantamatta.<\/p>\n<p>Mik\u00e4\u00e4n ei est\u00e4 ilmoittajaa antamasta ilmoituskanavaan yhteystietojaan.<\/p>\n<h4><strong>Asiakaspalautteet<\/strong><\/h4>\n<p>Tavanomaiset asiakaspalautteet eiv\u00e4t kuulu ilmoituskanavaan. Ne annetaan yritysten www-sivuston asiakaspalautekanavien kautta:<\/p>\n<ul>\n<li><a href=\"http:\/\/www.elomatic.com\/\" target=\"_blank\" rel=\"noopener\">www.elomatic.com<\/a><\/li>\n<\/ul>\n<h4><strong>Ilmoitusten k\u00e4sittelyprosessi<\/strong><\/h4>\n<p><u>K\u00e4sittelij\u00e4t<\/u><\/p>\n<p>Kaikki ilmoitukset k\u00e4sitell\u00e4\u00e4n luottamuksellisesti Elomaticin vakioidun k\u00e4sittelymenettelyn mukaisesti teht\u00e4v\u00e4\u00e4n nimettyjen henkil\u00f6iden toimesta.<\/p>\n<p>Kenellek\u00e4\u00e4n, joka hyv\u00e4ss\u00e4 uskossa kertoo ep\u00e4ilyist\u00e4\u00e4n ja\/tai osallistuu mahdollisen yleisen edun vastaisen toiminnan selvitt\u00e4miseen, ei aiheudu ilmoituksesta kielteisi\u00e4 seurauksia. Ilmoituskanavan v\u00e4\u00e4rink\u00e4ytt\u00f6 eli v\u00e4\u00e4r\u00e4n tiedon tahallinen ilmoittaminen voi sen sijaan johtaa jatkotoimenpiteisiin.<\/p>\n<p>Ilmoituksen k\u00e4sittelyn k\u00e4ynnist\u00e4\u00e4 yrityksen lakiasiainhoitaja yhdess\u00e4 yritysturvallisuusasioista vastaavan henkil\u00f6n kanssa. He p\u00e4\u00e4tt\u00e4v\u00e4t ilmoituksen jatkok\u00e4sittelyj\u00e4rjestyksest\u00e4 ja m\u00e4\u00e4ritt\u00e4v\u00e4t k\u00e4sittelyyn osallistuvat henkil\u00f6t. Ilmoitus menee aina tiedoksi yrityksen hallituksen puheenjohtajalle ja toimitusjohtajalle.<\/p>\n<p>Ilmoituksen asianmukaisen k\u00e4sittelyn varmistamiseksi sen k\u00e4sittelyyn osallistuu yrityksen johto apunaan tarvittavat asiantuntijat. Vain nimetyill\u00e4 k\u00e4sittelij\u00f6ill\u00e4 on p\u00e4\u00e4sy ilmoituskanavan ilmoituksiin. Jokaista k\u00e4sittelij\u00e4\u00e4 sitoo salassapitovelvoite. T\u00e4ll\u00e4 taataan k\u00e4sittelyn luottamuksellisuus.<\/p>\n<p><u>Ilmoituksen k\u00e4sittelem\u00e4tt\u00e4 j\u00e4tt\u00e4minen<\/u><\/p>\n<p>Kaikkiin ilmoituksiin suhtaudutaan vakavasti. Ilmoitusta ei kuitenkaan k\u00e4sitell\u00e4, jos on ilmeist\u00e4, ett\u00e4<\/p>\n<ul>\n<li><em>ilmoitus ei kuulu n\u00e4iden ohjeiden mukaisesti ilmoitettaviin asioihin.<\/em><\/li>\n<li><em>ilmoitus on tehty vahingoittamistarkoituksessa.<\/em><\/li>\n<li><em>ilmoitus ei sis\u00e4ll\u00e4 riitt\u00e4v\u00e4sti tietoa, jotta asian selvitt\u00e4minen olisi mahdollista.<\/em><\/li>\n<li><em>ilmoituksessa esitetty asia on jo ratkaistu.<\/em><\/li>\n<\/ul>\n<p>My\u00f6sk\u00e4\u00e4n tunkeilevia, luonteeltaan henkil\u00f6kohtaisia tietoja, kuten terveytt\u00e4, poliittisia, seksuaalisia tai uskonnollisia k\u00e4sityksi\u00e4 sis\u00e4lt\u00e4v\u00e4t ilmoitukset eiv\u00e4t kuulu ilmoituskanavaan eik\u00e4 niit\u00e4 k\u00e4sitell\u00e4.<\/p>\n<p><u>Ilmoituksen selvitt\u00e4minen<\/u><\/p>\n<p>Kaikista ep\u00e4ilty\u00e4 yleisen edun vastaista toimintaa koskevista ilmoituksista tehd\u00e4\u00e4n selvitys seuraavien periaatteiden mukaisesti:<\/p>\n<ul>\n<li><em>Kaikki ilmoitukset k\u00e4sitell\u00e4\u00e4n luottamuksellisesti.<\/em><\/li>\n<li><em>Henkil\u00f6, jota ilmoitus koskee tai jolla on yhteyksi\u00e4 siihen, ei l\u00e4ht\u00f6kohtaisesti osallistu ilmoituksen k\u00e4sittelemiseen. Ilmoituksen kohteena olevaa henkil\u00f6\u00e4 voidaan kuitenkin tarvittaessa kuulla asian selvitt\u00e4miseksi.<\/em><\/li>\n<li><em>Tarvittaessa k\u00e4sittelij\u00e4t esitt\u00e4v\u00e4t ilmoittajalle asian selvitt\u00e4miseksi jatkokysymyksi\u00e4 ilmoituskanavan kautta nimett\u00f6m\u00e4sti.<\/em><\/li>\n<li><em>Ilmoituksen k\u00e4sittelij\u00e4 tai k\u00e4sittelyprosessiin osallistuva henkil\u00f6 ei pyri tunnistamaan ilmoittajaa.<\/em><\/li>\n<\/ul>\n<p>K\u00e4sittelij\u00e4t m\u00e4\u00e4rittelev\u00e4t ilmoituksen asianmukaisen selvitystavan ja selvitykseen osallistuvat henkil\u00f6t ilmoituksen sis\u00e4ll\u00f6n perusteella.<\/p>\n<p><u>Ilmoitukseen vastaaminen<\/u><\/p>\n<p>Yrityksen vastauksen antaa lakiasiainhoitaja ilmoituskanavan kautta tai suoraan ilmoittajalle, mik\u00e4li ilmoittaja on ilmoittanut yhteystietonsa. Ilmoituksista ja annetuista vastauksista raportoidaan kootusti yrityksen johtoa.<\/p>\n<p><u>Nimell\u00e4 tehty ilmoitus<\/u><\/p>\n<p>Mik\u00e4li ilmoitus on tehty nimell\u00e4, nimi ei tule muiden kuin ilmoituksen k\u00e4sittelij\u00f6iden tietoon.<\/p>\n<p>Rikosta koskevassa ilmoituksessa ilmoituksen tekij\u00e4lle ilmoitetaan, ett\u00e4 h\u00e4nen henkil\u00f6llisyytens\u00e4 voi tulla ilmi viranomaisen suorittaman esitutkinnan tai oikeudenk\u00e4ynnin yhteydess\u00e4.<\/p>\n<p><u>Ilmoituksessa yksil\u00f6idyn henkil\u00f6n suoja<\/u><\/p>\n<p>Ilmoitusta koskevien henkil\u00f6iden tietoihin sovelletaan tietosuojaa koskevaa lains\u00e4\u00e4d\u00e4nt\u00f6\u00e4. Henkil\u00f6tietojen luottamuksellisuus turvataan my\u00f6s ilmoituksen h\u00e4iri\u00f6tt\u00f6m\u00e4n selvitt\u00e4misen turvaamiseksi.<\/p>\n<p>Ilmoitusta koskevilla henkil\u00f6ill\u00e4 on oikeus tutustua ilmoituskanavan itse\u00e4\u00e4n koskeviin tietoihin ja vaatia toimenpiteit\u00e4, jos tiedot ovat virheellisi\u00e4, puutteellisia tai vanhentuneita.<\/p>\n<p><u>Tietojen poistaminen<\/u><\/p>\n<p>Kaikki ilmoitusten henkil\u00f6\u00f6n liittyv\u00e4t tiedot poistetaan, kun niit\u00e4 ei en\u00e4\u00e4 tarvita asian selvitt\u00e4misess\u00e4, ilmoitukseen vastaamisessa tai mahdollisissa jatkotoimissa.<\/p>\n<\/div>\n<\/div>\n\n\r\n            <\/div>\r\n        <\/div>\r\n    <\/div>\r\n\r\n    \r\n<\/div>\r\n\r\n","protected":false},"excerpt":{"rendered":"<p>Elomatic vaalii toiminnassaan avoimuuden ilmapiiri\u00e4 ja korkeaa etiikkaa. Yritys on sitoutuneet yll\u00e4pit\u00e4m\u00e4\u00e4n keskustelevaa organisaatiokulttuuria, jossa jokainen voi kertoa yleisen edun vastaista toimintaa koskevista ep\u00e4ilyist\u00e4\u00e4n ilman uhriksi, syrjinn\u00e4n kohteeksi tai ep\u00e4edulliseen asemaan joutumisen riski\u00e4.<\/p>\n","protected":false},"author":2,"featured_media":2676,"parent":0,"menu_order":1050,"comment_status":"closed","ping_status":"closed","template":"","meta":{"_acf_changed":false,"footnotes":""},"business-unit":[],"insight-theme":[],"industryx":[],"class_list":["post-17252","page","type-page","status-publish","has-post-thumbnail","hentry"],"acf":[],"yoast_head":"<!-- This site is optimized with the Yoast SEO Premium plugin v27.1 (Yoast SEO v27.1.1) - https:\/\/yoast.com\/product\/yoast-seo-premium-wordpress\/ -->\n<title>Ilmoituskanava - Elomatic<\/title>\n<meta name=\"description\" content=\"Elomatic vaalii toiminnassaan avoimuuden ilmapiiri\u00e4 ja korkeaa etiikkaa. Yritys on sitoutuneet yll\u00e4pit\u00e4m\u00e4\u00e4n keskustelevaa organisaatiokulttuuria, jossa jokainen voi kertoa yleisen edun vastaista toimintaa koskevista ep\u00e4ilyist\u00e4\u00e4n ilman uhriksi, syrjinn\u00e4n kohteeksi tai ep\u00e4edulliseen asemaan joutumisen riski\u00e4.\" \/>\n<meta name=\"robots\" content=\"index, follow, max-snippet:-1, max-image-preview:large, max-video-preview:-1\" \/>\n<link rel=\"canonical\" href=\"https:\/\/www.elomatic.com\/fi\/ilmoituskanava\/\" \/>\n<meta property=\"og:locale\" content=\"fi_FI\" \/>\n<meta property=\"og:type\" content=\"article\" \/>\n<meta property=\"og:title\" content=\"Ilmoituskanava\" \/>\n<meta property=\"og:description\" content=\"Elomatic vaalii toiminnassaan avoimuuden ilmapiiri\u00e4 ja korkeaa etiikkaa. Yritys on sitoutuneet yll\u00e4pit\u00e4m\u00e4\u00e4n keskustelevaa organisaatiokulttuuria, jossa jokainen voi kertoa yleisen edun vastaista toimintaa koskevista ep\u00e4ilyist\u00e4\u00e4n ilman uhriksi, syrjinn\u00e4n kohteeksi tai ep\u00e4edulliseen asemaan joutumisen riski\u00e4.\" \/>\n<meta property=\"og:url\" content=\"https:\/\/www.elomatic.com\/fi\/ilmoituskanava\/\" \/>\n<meta property=\"og:site_name\" content=\"Elomatic\" \/>\n<meta property=\"article:publisher\" content=\"https:\/\/www.facebook.com\/elomaticoy\" \/>\n<meta property=\"article:modified_time\" content=\"2025-09-05T10:19:37+00:00\" \/>\n<meta property=\"og:image\" content=\"https:\/\/www.elomatic.com\/wp-content\/uploads\/2023\/03\/GettyImages-1400381259.jpg\" \/>\n\t<meta property=\"og:image:width\" content=\"1920\" \/>\n\t<meta property=\"og:image:height\" content=\"1173\" \/>\n\t<meta property=\"og:image:type\" content=\"image\/jpeg\" \/>\n<meta name=\"twitter:card\" content=\"summary_large_image\" \/>\n<meta name=\"twitter:site\" content=\"@ElomaticOy\" \/>\n<meta name=\"twitter:label1\" content=\"Arvioitu lukuaika\" \/>\n\t<meta name=\"twitter:data1\" content=\"4 minuuttia\" \/>\n<script type=\"application\/ld+json\" class=\"yoast-schema-graph\">{\"@context\":\"https:\/\/schema.org\",\"@graph\":[{\"@type\":\"WebPage\",\"@id\":\"https:\/\/www.elomatic.com\/fi\/ilmoituskanava\/\",\"url\":\"https:\/\/www.elomatic.com\/fi\/ilmoituskanava\/\",\"name\":\"Ilmoituskanava - Elomatic\",\"isPartOf\":{\"@id\":\"https:\/\/www.elomatic.com\/fi\/#website\"},\"primaryImageOfPage\":{\"@id\":\"https:\/\/www.elomatic.com\/fi\/ilmoituskanava\/#primaryimage\"},\"image\":{\"@id\":\"https:\/\/www.elomatic.com\/fi\/ilmoituskanava\/#primaryimage\"},\"thumbnailUrl\":\"https:\/\/www.elomatic.com\/wp-content\/uploads\/2023\/03\/GettyImages-1400381259.jpg\",\"datePublished\":\"2023-04-17T10:48:11+00:00\",\"dateModified\":\"2025-09-05T10:19:37+00:00\",\"description\":\"Elomatic vaalii toiminnassaan avoimuuden ilmapiiri\u00e4 ja korkeaa etiikkaa. Yritys on sitoutuneet yll\u00e4pit\u00e4m\u00e4\u00e4n keskustelevaa organisaatiokulttuuria, jossa jokainen voi kertoa yleisen edun vastaista toimintaa koskevista ep\u00e4ilyist\u00e4\u00e4n ilman uhriksi, syrjinn\u00e4n kohteeksi tai ep\u00e4edulliseen asemaan joutumisen riski\u00e4.\",\"breadcrumb\":{\"@id\":\"https:\/\/www.elomatic.com\/fi\/ilmoituskanava\/#breadcrumb\"},\"inLanguage\":\"fi\",\"potentialAction\":[{\"@type\":\"ReadAction\",\"target\":[\"https:\/\/www.elomatic.com\/fi\/ilmoituskanava\/\"]}]},{\"@type\":\"ImageObject\",\"inLanguage\":\"fi\",\"@id\":\"https:\/\/www.elomatic.com\/fi\/ilmoituskanava\/#primaryimage\",\"url\":\"https:\/\/www.elomatic.com\/wp-content\/uploads\/2023\/03\/GettyImages-1400381259.jpg\",\"contentUrl\":\"https:\/\/www.elomatic.com\/wp-content\/uploads\/2023\/03\/GettyImages-1400381259.jpg\",\"width\":1920,\"height\":1173},{\"@type\":\"BreadcrumbList\",\"@id\":\"https:\/\/www.elomatic.com\/fi\/ilmoituskanava\/#breadcrumb\",\"itemListElement\":[{\"@type\":\"ListItem\",\"position\":1,\"name\":\"Etusivu\",\"item\":\"https:\/\/www.elomatic.com\/fi\/\"},{\"@type\":\"ListItem\",\"position\":2,\"name\":\"Ilmoituskanava\"}]},{\"@type\":\"WebSite\",\"@id\":\"https:\/\/www.elomatic.com\/fi\/#website\",\"url\":\"https:\/\/www.elomatic.com\/fi\/\",\"name\":\"Elomatic\",\"description\":\"Visions of Tomorrow, Engineered Today\",\"publisher\":{\"@id\":\"https:\/\/www.elomatic.com\/fi\/#organization\"},\"potentialAction\":[{\"@type\":\"SearchAction\",\"target\":{\"@type\":\"EntryPoint\",\"urlTemplate\":\"https:\/\/www.elomatic.com\/fi\/?s={search_term_string}\"},\"query-input\":{\"@type\":\"PropertyValueSpecification\",\"valueRequired\":true,\"valueName\":\"search_term_string\"}}],\"inLanguage\":\"fi\"},{\"@type\":\"Organization\",\"@id\":\"https:\/\/www.elomatic.com\/fi\/#organization\",\"name\":\"Elomatic\",\"url\":\"https:\/\/www.elomatic.com\/fi\/\",\"logo\":{\"@type\":\"ImageObject\",\"inLanguage\":\"fi\",\"@id\":\"https:\/\/www.elomatic.com\/fi\/#\/schema\/logo\/image\/\",\"url\":\"https:\/\/www.elomatic.com\/wp-content\/uploads\/2023\/05\/Elomatic_Logo_Slogan_RGB.png\",\"contentUrl\":\"https:\/\/www.elomatic.com\/wp-content\/uploads\/2023\/05\/Elomatic_Logo_Slogan_RGB.png\",\"width\":1848,\"height\":521,\"caption\":\"Elomatic\"},\"image\":{\"@id\":\"https:\/\/www.elomatic.com\/fi\/#\/schema\/logo\/image\/\"},\"sameAs\":[\"https:\/\/www.facebook.com\/elomaticoy\",\"https:\/\/x.com\/ElomaticOy\",\"https:\/\/www.linkedin.com\/company\/elomatic\",\"https:\/\/www.instagram.com\/elomaticoy\/\",\"https:\/\/www.youtube.com\/channel\/UCclTiQQtIi7d4oCK9M-fjOA\"]}]}<\/script>\n<!-- \/ Yoast SEO Premium plugin. -->","yoast_head_json":{"title":"Ilmoituskanava - Elomatic","description":"Elomatic vaalii toiminnassaan avoimuuden ilmapiiri\u00e4 ja korkeaa etiikkaa. Yritys on sitoutuneet yll\u00e4pit\u00e4m\u00e4\u00e4n keskustelevaa organisaatiokulttuuria, jossa jokainen voi kertoa yleisen edun vastaista toimintaa koskevista ep\u00e4ilyist\u00e4\u00e4n ilman uhriksi, syrjinn\u00e4n kohteeksi tai ep\u00e4edulliseen asemaan joutumisen riski\u00e4.","robots":{"index":"index","follow":"follow","max-snippet":"max-snippet:-1","max-image-preview":"max-image-preview:large","max-video-preview":"max-video-preview:-1"},"canonical":"https:\/\/www.elomatic.com\/fi\/ilmoituskanava\/","og_locale":"fi_FI","og_type":"article","og_title":"Ilmoituskanava","og_description":"Elomatic vaalii toiminnassaan avoimuuden ilmapiiri\u00e4 ja korkeaa etiikkaa. Yritys on sitoutuneet yll\u00e4pit\u00e4m\u00e4\u00e4n keskustelevaa organisaatiokulttuuria, jossa jokainen voi kertoa yleisen edun vastaista toimintaa koskevista ep\u00e4ilyist\u00e4\u00e4n ilman uhriksi, syrjinn\u00e4n kohteeksi tai ep\u00e4edulliseen asemaan joutumisen riski\u00e4.","og_url":"https:\/\/www.elomatic.com\/fi\/ilmoituskanava\/","og_site_name":"Elomatic","article_publisher":"https:\/\/www.facebook.com\/elomaticoy","article_modified_time":"2025-09-05T10:19:37+00:00","og_image":[{"width":1920,"height":1173,"url":"https:\/\/www.elomatic.com\/wp-content\/uploads\/2023\/03\/GettyImages-1400381259.jpg","type":"image\/jpeg"}],"twitter_card":"summary_large_image","twitter_site":"@ElomaticOy","twitter_misc":{"Arvioitu lukuaika":"4 minuuttia"},"schema":{"@context":"https:\/\/schema.org","@graph":[{"@type":"WebPage","@id":"https:\/\/www.elomatic.com\/fi\/ilmoituskanava\/","url":"https:\/\/www.elomatic.com\/fi\/ilmoituskanava\/","name":"Ilmoituskanava - Elomatic","isPartOf":{"@id":"https:\/\/www.elomatic.com\/fi\/#website"},"primaryImageOfPage":{"@id":"https:\/\/www.elomatic.com\/fi\/ilmoituskanava\/#primaryimage"},"image":{"@id":"https:\/\/www.elomatic.com\/fi\/ilmoituskanava\/#primaryimage"},"thumbnailUrl":"https:\/\/www.elomatic.com\/wp-content\/uploads\/2023\/03\/GettyImages-1400381259.jpg","datePublished":"2023-04-17T10:48:11+00:00","dateModified":"2025-09-05T10:19:37+00:00","description":"Elomatic vaalii toiminnassaan avoimuuden ilmapiiri\u00e4 ja korkeaa etiikkaa. Yritys on sitoutuneet yll\u00e4pit\u00e4m\u00e4\u00e4n keskustelevaa organisaatiokulttuuria, jossa jokainen voi kertoa yleisen edun vastaista toimintaa koskevista ep\u00e4ilyist\u00e4\u00e4n ilman uhriksi, syrjinn\u00e4n kohteeksi tai ep\u00e4edulliseen asemaan joutumisen riski\u00e4.","breadcrumb":{"@id":"https:\/\/www.elomatic.com\/fi\/ilmoituskanava\/#breadcrumb"},"inLanguage":"fi","potentialAction":[{"@type":"ReadAction","target":["https:\/\/www.elomatic.com\/fi\/ilmoituskanava\/"]}]},{"@type":"ImageObject","inLanguage":"fi","@id":"https:\/\/www.elomatic.com\/fi\/ilmoituskanava\/#primaryimage","url":"https:\/\/www.elomatic.com\/wp-content\/uploads\/2023\/03\/GettyImages-1400381259.jpg","contentUrl":"https:\/\/www.elomatic.com\/wp-content\/uploads\/2023\/03\/GettyImages-1400381259.jpg","width":1920,"height":1173},{"@type":"BreadcrumbList","@id":"https:\/\/www.elomatic.com\/fi\/ilmoituskanava\/#breadcrumb","itemListElement":[{"@type":"ListItem","position":1,"name":"Etusivu","item":"https:\/\/www.elomatic.com\/fi\/"},{"@type":"ListItem","position":2,"name":"Ilmoituskanava"}]},{"@type":"WebSite","@id":"https:\/\/www.elomatic.com\/fi\/#website","url":"https:\/\/www.elomatic.com\/fi\/","name":"Elomatic","description":"Visions of Tomorrow, Engineered Today","publisher":{"@id":"https:\/\/www.elomatic.com\/fi\/#organization"},"potentialAction":[{"@type":"SearchAction","target":{"@type":"EntryPoint","urlTemplate":"https:\/\/www.elomatic.com\/fi\/?s={search_term_string}"},"query-input":{"@type":"PropertyValueSpecification","valueRequired":true,"valueName":"search_term_string"}}],"inLanguage":"fi"},{"@type":"Organization","@id":"https:\/\/www.elomatic.com\/fi\/#organization","name":"Elomatic","url":"https:\/\/www.elomatic.com\/fi\/","logo":{"@type":"ImageObject","inLanguage":"fi","@id":"https:\/\/www.elomatic.com\/fi\/#\/schema\/logo\/image\/","url":"https:\/\/www.elomatic.com\/wp-content\/uploads\/2023\/05\/Elomatic_Logo_Slogan_RGB.png","contentUrl":"https:\/\/www.elomatic.com\/wp-content\/uploads\/2023\/05\/Elomatic_Logo_Slogan_RGB.png","width":1848,"height":521,"caption":"Elomatic"},"image":{"@id":"https:\/\/www.elomatic.com\/fi\/#\/schema\/logo\/image\/"},"sameAs":["https:\/\/www.facebook.com\/elomaticoy","https:\/\/x.com\/ElomaticOy","https:\/\/www.linkedin.com\/company\/elomatic","https:\/\/www.instagram.com\/elomaticoy\/","https:\/\/www.youtube.com\/channel\/UCclTiQQtIi7d4oCK9M-fjOA"]}]}},"_links":{"self":[{"href":"https:\/\/www.elomatic.com\/fi\/wp-json\/wp\/v2\/pages\/17252","targetHints":{"allow":["GET"]}}],"collection":[{"href":"https:\/\/www.elomatic.com\/fi\/wp-json\/wp\/v2\/pages"}],"about":[{"href":"https:\/\/www.elomatic.com\/fi\/wp-json\/wp\/v2\/types\/page"}],"author":[{"embeddable":true,"href":"https:\/\/www.elomatic.com\/fi\/wp-json\/wp\/v2\/users\/2"}],"replies":[{"embeddable":true,"href":"https:\/\/www.elomatic.com\/fi\/wp-json\/wp\/v2\/comments?post=17252"}],"version-history":[{"count":7,"href":"https:\/\/www.elomatic.com\/fi\/wp-json\/wp\/v2\/pages\/17252\/revisions"}],"predecessor-version":[{"id":37275,"href":"https:\/\/www.elomatic.com\/fi\/wp-json\/wp\/v2\/pages\/17252\/revisions\/37275"}],"wp:featuredmedia":[{"embeddable":true,"href":"https:\/\/www.elomatic.com\/fi\/wp-json\/wp\/v2\/media\/2676"}],"wp:attachment":[{"href":"https:\/\/www.elomatic.com\/fi\/wp-json\/wp\/v2\/media?parent=17252"}],"wp:term":[{"taxonomy":"business-unit","embeddable":true,"href":"https:\/\/www.elomatic.com\/fi\/wp-json\/wp\/v2\/business-unit?post=17252"},{"taxonomy":"insight-theme","embeddable":true,"href":"https:\/\/www.elomatic.com\/fi\/wp-json\/wp\/v2\/insight-theme?post=17252"},{"taxonomy":"industryx","embeddable":true,"href":"https:\/\/www.elomatic.com\/fi\/wp-json\/wp\/v2\/industryx?post=17252"}],"curies":[{"name":"wp","href":"https:\/\/api.w.org\/{rel}","templated":true}]}}